{"id":2117,"date":"2025-10-23T18:33:18","date_gmt":"2025-10-23T21:33:18","guid":{"rendered":"https:\/\/insighttravel.com.ar\/?post_type=product&#038;p=2117"},"modified":"2026-04-07T16:54:05","modified_gmt":"2026-04-07T19:54:05","slug":"todas-as-geleiras","status":"publish","type":"product","link":"https:\/\/insighttravel.com.ar\/pt\/producto\/todo-glaciares\/","title":{"rendered":"Todas as geleiras"},"content":{"rendered":"<h3 style=\"text-align: center;\"><strong>Descubra a geleira Spegazzini e a Glacier Bay de uma perspectiva \u00fanica.<\/strong><\/h3>\n<p style=\"text-align: center;\"><span style=\"font-weight: 400;\">Viva a experi\u00eancia de navegar entre as geleiras mais impressionantes do sul da Patag\u00f4nia. Observe icebergs flutuantes, geleiras suspensas e a majestosa Geleira Spegazzini enquanto desfruta de paisagens \u00fanicas e inesquec\u00edveis.<\/span><\/p>\n<p>&nbsp;<\/p>\n<p><b>Itiner\u00e1rio detalhado.<\/b><span style=\"font-weight: 400;\"> Os hor\u00e1rios indicados est\u00e3o sujeitos a altera\u00e7\u00f5es e varia\u00e7\u00f5es.<\/span><\/p>\n<p><b>07:00 hs: Recep\u00e7\u00e3o em sua acomoda\u00e7\u00e3o.<\/b><span style=\"font-weight: 400;\"> Traslado de El Calafate para o porto de Punta Bandera (47 km).<\/span><\/p>\n<p><b>08:30 hs: Embarque em Puerto Punta Bandera.<\/b><\/p>\n<p><b>09:00 hs: In\u00edcio da navega\u00e7\u00e3o pelo Bra\u00e7o Norte do Lago Argentino.<\/b><span style=\"font-weight: 400;\"> Voc\u00ea cruzar\u00e1 a Boca del Diablo e seguir\u00e1 em dire\u00e7\u00e3o ao Canal Upsala, navegando entre icebergs desprendidos da Geleira Upsala.<\/span><\/p>\n<p><b>10h30 Canal Spegazzini e geleiras suspensas.<\/b><span style=\"font-weight: 400;\"> Desfrute de vistas espetaculares das geleiras suspensas, como Seco, Heim Sur e Peineta.<\/span><\/p>\n<p><b>12:00 hs: Base e Ref\u00fagio Spegazzini.<\/b><span style=\"font-weight: 400;\"> Desembarque em frente ao imponente Glaciar Spegazzini (mais de 135 metros de altura). Tempo para almo\u00e7ar, visitar a loja e contemplar a paisagem.<\/span><\/p>\n<p><b>13:30 hs: Circuito da passarela e mirante De Agostini. <\/b><span style=\"font-weight: 400;\">Caminhe por passarelas at\u00e9 o mirante De Agostini, desfrutando de vistas panor\u00e2micas da geleira e da ba\u00eda.<\/span><\/p>\n<p><b>15:00 hs: Retorno ao porto de Punta Bandera.<\/b><span style=\"font-weight: 400;\"> Embarque e navega\u00e7\u00e3o de retorno, terminando a excurs\u00e3o com um traslado para El Calafate.<\/span><\/p>\n<p><b>16:00 hs: Chegada a Puerto Punta Bandera.<\/b><\/p>\n<p><b>17:00 hs: Chegada a El Calafate.\u00a0<\/b><\/p>\n<p>&nbsp;<\/p>\n<p><b>\u2705 Inclui<\/b><\/p>\n<ul>\n<li style=\"font-weight: 400;\" aria-level=\"1\"><span style=\"font-weight: 400;\">Traslado de ida e volta para sua acomoda\u00e7\u00e3o em El Calafate.<\/span><\/li>\n<li style=\"font-weight: 400;\" aria-level=\"1\"><span style=\"font-weight: 400;\">Guia profissional bil\u00edngue (espanhol\/ingl\u00eas).<\/span><\/li>\n<li style=\"font-weight: 400;\" aria-level=\"1\"><span style=\"font-weight: 400;\">Almo\u00e7o no Ref\u00fagio Spegazzini.<\/span><\/li>\n<\/ul>\n<p>&nbsp;<\/p>\n<p><b>N\u00e3o inclui<\/b><\/p>\n<ul>\n<li style=\"font-weight: 400;\" aria-level=\"1\"><span style=\"font-weight: 400;\">Entrada para o Parque Nacional Los Glaciares (obrigat\u00f3ria).<\/span><\/li>\n<li style=\"font-weight: 400;\" aria-level=\"1\"><span style=\"font-weight: 400;\">Outros consumos fora do programa.<\/span><\/li>\n<\/ul>\n<p>&nbsp;<\/p>\n<p><span style=\"font-weight: 400;\">\u26a0 <\/span><b>Informa\u00e7\u00f5es importantes<\/b><\/p>\n<ul>\n<li><strong>MAIO a JULHO de 2026: sa\u00eddas somente em dias pares.<\/strong><\/li>\n<li aria-level=\"1\"><span style=\"font-weight: 400;\">Cabine Captain's Club no n\u00edvel superior dispon\u00edvel por um custo adicional.\u00a0<\/span><\/li>\n<li style=\"font-weight: 400;\" aria-level=\"1\"><b>Pol\u00edticas de cancelamento e modifica\u00e7\u00e3o:<\/b><span style=\"font-weight: 400;\"> leia-os atentamente ao fazer o login <strong><a href=\"https:\/\/insighttravel.com.ar\/wp-content\/uploads\/2025\/09\/Politicas-de-Cancelacion-y-Modificacion-Cancelation-and-Modification-Policies_compressed-1.pdf\" target=\"_blank\" rel=\"noopener\">aqui.<\/a><\/strong><\/span><\/li>\n<li style=\"font-weight: 400;\" aria-level=\"1\"><span style=\"font-weight: 400;\">Consulte-nos para saber os hor\u00e1rios exatos de partida e as tarifas atualizadas.<\/span><\/li>\n<li style=\"font-weight: 400;\" aria-level=\"1\"><span style=\"font-weight: 400;\">Use roupas quentes em camadas, protetor solar e cal\u00e7ados confort\u00e1veis.<\/span><\/li>\n<li style=\"font-weight: 400;\" aria-level=\"1\"><span style=\"font-weight: 400;\">O valor expresso corresponde \u00e0 excurs\u00e3o com traslado inclu\u00eddo no servi\u00e7o regular. Se desejar um traslado particular, entre em contato conosco para obter uma cota\u00e7\u00e3o.<\/span><\/li>\n<\/ul>\n<p>&nbsp;<\/p>\n<p><span style=\"font-weight: 400;\">\ud83d\udcb3 <\/span><b>Termos e meios de pagamento<\/b><\/p>\n<p><span style=\"font-weight: 400;\">Todas as reservas devem ser pagas por transfer\u00eancia banc\u00e1ria, dep\u00f3sito banc\u00e1rio, cart\u00e3o de cr\u00e9dito ou d\u00e9bito. Os pagamentos com cart\u00e3o de cr\u00e9dito e d\u00e9bito incorrer\u00e3o em uma sobretaxa de 7%. <\/span><span style=\"font-weight: 400;\">Somente a reserva \u00e9 feita com o 100% do pagamento.<\/span><\/p>\n<p><br style=\"font-weight: 400;\" \/><br style=\"font-weight: 400;\" \/><\/p>","protected":false},"excerpt":{"rendered":"<p>Descubr\u00ed el Glaciar Spegazzini y la Bah\u00eda de los Glaciares desde una perspectiva \u00fanica Viv\u00ed la experiencia de navegar entre los glaciares m\u00e1s imponentes del sur de la Patagonia. Observ\u00e1 t\u00e9mpanos flotantes, glaciares colgantes y el majestuoso Glaciar Spegazzini mientras disfrut\u00e1s de paisajes \u00fanicos e inolvidables. &nbsp; \ud83d\udccd Itinerario detallado. Los horarios indicados quedan sujetos [&hellip;]<\/p>\n","protected":false},"featured_media":4754,"comment_status":"open","ping_status":"closed","template":"","meta":[],"product_brand":[],"product_cat":[23],"product_tag":[],"destinos":[41],"tipo-de-actividad":[96],"temporadas":[48],"class_list":{"0":"post-2117","1":"product","2":"type-product","3":"status-publish","4":"has-post-thumbnail","6":"product_cat-sin-categorizar","7":"destinos-el-calafate","8":"tipo-de-actividad-navegacion-kayak","9":"temporadas-todo-el-ano","11":"first","12":"instock","13":"sold-individually","14":"shipping-taxable","15":"purchasable","16":"product-type-booking"},"booking_location":"","booking_location_type":"","booking_duration":1,"booking_duration_unit":"day","booking_buffer":0,"booking_cost":0,"booking_resources":[],"_links":{"self":[{"href":"https:\/\/insighttravel.com.ar\/pt\/wp-json\/wp\/v2\/product\/2117","targetHints":{"allow":["GET"]}}],"collection":[{"href":"https:\/\/insighttravel.com.ar\/pt\/wp-json\/wp\/v2\/product"}],"about":[{"href":"https:\/\/insighttravel.com.ar\/pt\/wp-json\/wp\/v2\/types\/product"}],"replies":[{"embeddable":true,"href":"https:\/\/insighttravel.com.ar\/pt\/wp-json\/wp\/v2\/comments?post=2117"}],"wp:featuredmedia":[{"embeddable":true,"href":"https:\/\/insighttravel.com.ar\/pt\/wp-json\/wp\/v2\/media\/4754"}],"wp:attachment":[{"href":"https:\/\/insighttravel.com.ar\/pt\/wp-json\/wp\/v2\/media?parent=2117"}],"wp:term":[{"taxonomy":"product_brand","embeddable":true,"href":"https:\/\/insighttravel.com.ar\/pt\/wp-json\/wp\/v2\/product_brand?post=2117"},{"taxonomy":"product_cat","embeddable":true,"href":"https:\/\/insighttravel.com.ar\/pt\/wp-json\/wp\/v2\/product_cat?post=2117"},{"taxonomy":"product_tag","embeddable":true,"href":"https:\/\/insighttravel.com.ar\/pt\/wp-json\/wp\/v2\/product_tag?post=2117"},{"taxonomy":"destinos","embeddable":true,"href":"https:\/\/insighttravel.com.ar\/pt\/wp-json\/wp\/v2\/destinos?post=2117"},{"taxonomy":"tipo-de-actividad","embeddable":true,"href":"https:\/\/insighttravel.com.ar\/pt\/wp-json\/wp\/v2\/tipo-de-actividad?post=2117"},{"taxonomy":"temporadas","embeddable":true,"href":"https:\/\/insighttravel.com.ar\/pt\/wp-json\/wp\/v2\/temporadas?post=2117"}],"curies":[{"name":"wp","href":"https:\/\/api.w.org\/{rel}","templated":true}]}}