{"id":2120,"date":"2025-10-23T18:27:22","date_gmt":"2025-10-23T21:27:22","guid":{"rendered":"https:\/\/insighttravel.com.ar\/?post_type=product&#038;p=2120"},"modified":"2026-03-16T11:31:21","modified_gmt":"2026-03-16T14:31:21","slug":"caiaque-na-geleira-perito-moreno","status":"publish","type":"product","link":"https:\/\/insighttravel.com.ar\/pt\/producto\/kayak-glaciar-perito-moreno\/","title":{"rendered":"Caiaque - Glaciar Perito Moreno"},"content":{"rendered":"<h3 style=\"text-align: center;\"><strong>Navegue de caiaque entre os icebergs da Geleira Perito Moreno<\/strong><\/h3>\n<p style=\"text-align: center;\"><span style=\"font-weight: 400;\">Viva a experi\u00eancia \u00fanica de se aproximar da Geleira Perito Moreno a partir da \u00e1gua. Navegue entre icebergs em caiaques duplos e desfrute de vistas inigual\u00e1veis da geleira enquanto ouve seus impressionantes deslizamentos de terra.<\/span><\/p>\n<h4 style=\"text-align: center;\"><\/h4>\n<p>&nbsp;<\/p>\n<p><b>Itiner\u00e1rio detalhado.<\/b><span style=\"font-weight: 400;\"> Os hor\u00e1rios indicados est\u00e3o sujeitos a altera\u00e7\u00f5es e varia\u00e7\u00f5es.<\/span><\/p>\n<p><b>08:00 hs Recep\u00e7\u00e3o em sua acomoda\u00e7\u00e3o.<\/b><span style=\"font-weight: 400;\"> Traslado de El Calafate para o estacionamento inferior da Geleira Perito Moreno (80 km).<\/span><\/p>\n<p><b>10:00 hs: Prepara\u00e7\u00e3o e instru\u00e7\u00f5es de seguran\u00e7a. <\/b><span style=\"font-weight: 400;\">Recep\u00e7\u00e3o pela equipe de guias, entrega do equipamento e explica\u00e7\u00e3o das regras de seguran\u00e7a, al\u00e9m de um breve aquecimento.<\/span><\/p>\n<p><b>| Passeio de caiaque. <\/b><span style=\"font-weight: 400;\">Navega\u00e7\u00e3o de 1 hora e meia em frente ao Glaciar Perito Moreno, apreciando o espet\u00e1culo dos icebergs, trov\u00f5es e vistas panor\u00e2micas no n\u00edvel da \u00e1gua.<\/span><\/p>\n<p><b>13:30 hs: Refrescos e tempo livre.<\/b><span style=\"font-weight: 400;\"> Retorne \u00e0 c\u00fapula, onde voc\u00ea poder\u00e1 desfrutar de um lanche com bebidas quentes. Em seguida, voc\u00ea ter\u00e1 2 horas de tempo livre para caminhar pelas passarelas da geleira.<\/span><\/p>\n<p><b>17:30 hs: Chegada em El Calafate.<\/b><span style=\"font-weight: 400;\"> Traslado de volta \u00e0 acomoda\u00e7\u00e3o, encerrando a excurs\u00e3o.<\/span><\/p>\n<h4 style=\"text-align: center;\"><\/h4>\n<p>&nbsp;<\/p>\n<p><span style=\"font-weight: 400;\">\u2705 <\/span><b>Inclui<\/b><\/p>\n<ul>\n<li style=\"font-weight: 400;\" aria-level=\"1\"><span style=\"font-weight: 400;\">Traslado de ida e volta para sua acomoda\u00e7\u00e3o em El Calafate.<\/span><\/li>\n<li style=\"font-weight: 400;\" aria-level=\"1\"><span style=\"font-weight: 400;\">Guia profissional bil\u00edngue (espanhol\/ingl\u00eas).<\/span><\/li>\n<li style=\"font-weight: 400;\" aria-level=\"1\"><span style=\"font-weight: 400;\">Equipamento t\u00e9cnico.<\/span><\/li>\n<li style=\"font-weight: 400;\" aria-level=\"1\"><span style=\"font-weight: 400;\">Refrescos com bebidas quentes e almo\u00e7o.\u00a0<\/span><\/li>\n<\/ul>\n<h4 style=\"text-align: center;\"><\/h4>\n<p><span style=\"font-weight: 400;\">\u274c <\/span><b>N\u00e3o inclui<\/b><\/p>\n<ul>\n<li style=\"font-weight: 400;\" aria-level=\"1\"><span style=\"font-weight: 400;\">Entrada para o Parque Nacional Los Glaciares (obrigat\u00f3ria).<\/span><\/li>\n<li style=\"font-weight: 400;\" aria-level=\"1\"><span style=\"font-weight: 400;\">Outros consumos fora do programa.<\/span><\/li>\n<\/ul>\n<h4 style=\"text-align: center;\"><\/h4>\n<p>&nbsp;<\/p>\n<p><span style=\"font-weight: 400;\">\u26a0 <\/span><b>Informa\u00e7\u00f5es importantes<\/b><\/p>\n<ul>\n<li aria-level=\"1\"><b>Idade permitida: 12 anos ou mais. PROIBIDO para mulheres gr\u00e1vidas.\u00a0<\/b><\/li>\n<li aria-level=\"1\"><strong>Sa\u00eddas somente \u00e0s segundas, quartas, sextas e s\u00e1bados.<\/strong><\/li>\n<\/ul>\n<ul>\n<li style=\"font-weight: 400;\" aria-level=\"1\"><b>Pol\u00edticas de cancelamento e modifica\u00e7\u00e3o:<\/b><span style=\"font-weight: 400;\"> leia-os atentamente ao fazer o login <strong><a href=\"https:\/\/insighttravel.com.ar\/wp-content\/uploads\/2025\/09\/Politicas-de-Cancelacion-y-Modificacion-Cancelation-and-Modification-Policies_compressed-1.pdf\" target=\"_blank\" rel=\"noopener\">aqui.<\/a><\/strong><\/span><\/li>\n<li style=\"font-weight: 400;\" aria-level=\"1\"><span style=\"font-weight: 400;\">Consulte-nos para saber os hor\u00e1rios exatos de partida e as tarifas atualizadas.<\/span><\/li>\n<li style=\"font-weight: 400;\" aria-level=\"1\"><span style=\"font-weight: 400;\">Use roupas quentes em camadas, cal\u00e7ados confort\u00e1veis e protetor solar.<\/span><\/li>\n<li style=\"font-weight: 400;\" aria-level=\"1\"><span style=\"font-weight: 400;\">O valor expresso corresponde \u00e0 excurs\u00e3o com traslado inclu\u00eddo no servi\u00e7o regular. Se desejar um traslado particular, entre em contato conosco para obter uma cota\u00e7\u00e3o.<\/span><\/li>\n<\/ul>\n<h4 style=\"text-align: center;\"><\/h4>\n<p>&nbsp;<\/p>\n<p><span style=\"font-weight: 400;\">\ud83d\udcb3 <\/span><b>Termos e meios de pagamento<\/b><\/p>\n<p><span style=\"font-weight: 400;\">Todas as reservas devem ser pagas por transfer\u00eancia banc\u00e1ria, dep\u00f3sito banc\u00e1rio, cart\u00e3o de cr\u00e9dito ou d\u00e9bito. Os pagamentos com cart\u00e3o de cr\u00e9dito e d\u00e9bito incorrer\u00e3o em uma sobretaxa de 7%. <\/span><span style=\"font-weight: 400;\">Somente a reserva \u00e9 feita com o 100% do pagamento.<\/span><\/p>\n<h4 style=\"text-align: center;\"><\/h4>","protected":false},"excerpt":{"rendered":"<p>Navega entre los t\u00e9mpanos del Glaciar Perito Moreno en kayak Vive la experiencia \u00fanica de acercarte al Glaciar Perito Moreno desde el agua. Naveg\u00e1 entre t\u00e9mpanos en kayaks dobles y disfrut\u00e1 de vistas inigualables del glaciar mientras escuch\u00e1s sus impresionantes desprendimientos. &nbsp; \ud83d\udccd Itinerario detallado. Los horarios indicados quedan sujetos a modificaciones y variaciones. 08:00 [&hellip;]<\/p>\n","protected":false},"featured_media":4934,"comment_status":"open","ping_status":"closed","template":"","meta":[],"product_brand":[],"product_cat":[23],"product_tag":[],"destinos":[41],"tipo-de-actividad":[97,96],"temporadas":[47],"class_list":{"0":"post-2120","1":"product","2":"type-product","3":"status-publish","4":"has-post-thumbnail","6":"product_cat-sin-categorizar","7":"destinos-el-calafate","8":"tipo-de-actividad-glaciar-perito-moreno","9":"tipo-de-actividad-navegacion-kayak","10":"temporadas-primavera","12":"first","13":"instock","14":"sold-individually","15":"shipping-taxable","16":"purchasable","17":"product-type-booking"},"booking_location":"","booking_location_type":"","booking_duration":1,"booking_duration_unit":"day","booking_buffer":0,"booking_cost":0,"booking_resources":[],"_links":{"self":[{"href":"https:\/\/insighttravel.com.ar\/pt\/wp-json\/wp\/v2\/product\/2120","targetHints":{"allow":["GET"]}}],"collection":[{"href":"https:\/\/insighttravel.com.ar\/pt\/wp-json\/wp\/v2\/product"}],"about":[{"href":"https:\/\/insighttravel.com.ar\/pt\/wp-json\/wp\/v2\/types\/product"}],"replies":[{"embeddable":true,"href":"https:\/\/insighttravel.com.ar\/pt\/wp-json\/wp\/v2\/comments?post=2120"}],"wp:featuredmedia":[{"embeddable":true,"href":"https:\/\/insighttravel.com.ar\/pt\/wp-json\/wp\/v2\/media\/4934"}],"wp:attachment":[{"href":"https:\/\/insighttravel.com.ar\/pt\/wp-json\/wp\/v2\/media?parent=2120"}],"wp:term":[{"taxonomy":"product_brand","embeddable":true,"href":"https:\/\/insighttravel.com.ar\/pt\/wp-json\/wp\/v2\/product_brand?post=2120"},{"taxonomy":"product_cat","embeddable":true,"href":"https:\/\/insighttravel.com.ar\/pt\/wp-json\/wp\/v2\/product_cat?post=2120"},{"taxonomy":"product_tag","embeddable":true,"href":"https:\/\/insighttravel.com.ar\/pt\/wp-json\/wp\/v2\/product_tag?post=2120"},{"taxonomy":"destinos","embeddable":true,"href":"https:\/\/insighttravel.com.ar\/pt\/wp-json\/wp\/v2\/destinos?post=2120"},{"taxonomy":"tipo-de-actividad","embeddable":true,"href":"https:\/\/insighttravel.com.ar\/pt\/wp-json\/wp\/v2\/tipo-de-actividad?post=2120"},{"taxonomy":"temporadas","embeddable":true,"href":"https:\/\/insighttravel.com.ar\/pt\/wp-json\/wp\/v2\/temporadas?post=2120"}],"curies":[{"name":"wp","href":"https:\/\/api.w.org\/{rel}","templated":true}]}}