{"id":2130,"date":"2025-10-23T18:09:04","date_gmt":"2025-10-23T21:09:04","guid":{"rendered":"https:\/\/insighttravel.com.ar\/?post_type=product&#038;p=2130"},"modified":"2026-03-16T11:40:32","modified_gmt":"2026-03-16T14:40:32","slug":"may-spirit-trek","status":"publish","type":"product","link":"https:\/\/insighttravel.com.ar\/pt\/producto\/mayo-spirit-trek\/","title":{"rendered":"May Spirit Trek"},"content":{"rendered":"<h3 style=\"text-align: center;\"><strong>Geleiras Mayo e Cerro Negro: Navega\u00e7\u00e3o e caminhadas guiadas<\/strong><\/h3>\n<p style=\"text-align: center;\"><span style=\"font-weight: 400;\">Aprecie o maravilhoso cen\u00e1rio das geleiras Mayo e Cerro Negro nesta excurs\u00e3o que combina navega\u00e7\u00e3o no Lago Argentino e caminhadas interpretativas pela floresta andina da Patag\u00f4nia.<\/span><\/p>\n<h4 style=\"text-align: center;\"><\/h4>\n<p>&nbsp;<\/p>\n<p><b>Itiner\u00e1rio detalhado. <\/b><span style=\"font-weight: 400;\">Os hor\u00e1rios indicados est\u00e3o sujeitos a altera\u00e7\u00f5es e varia\u00e7\u00f5es.<\/span><\/p>\n<p><b>08:00 hs Recep\u00e7\u00e3o em sua acomoda\u00e7\u00e3o.<\/b><span style=\"font-weight: 400;\"> Traslado de El Calafate para o porto de Punta Bandera (47 km).<\/span><\/p>\n<p><b>09:30 hs: Navega\u00e7\u00e3o pelo Canal de los T\u00e9mpanos e Seno Mayo. <\/b><span style=\"font-weight: 400;\">Navega\u00e7\u00e3o at\u00e9 as geleiras de Cerro Mayo e Cerro Negro, acess\u00edveis somente por lago.<\/span><\/p>\n<p><b>| Desembarque na Ba\u00eda de Toro.<\/b><span style=\"font-weight: 400;\"> Caminhada interpretativa de 700 metros pela floresta andina da Patag\u00f4nia. Visita a uma cachoeira e a uma forma\u00e7\u00e3o rochosa de calc\u00e1rio.<\/span><\/p>\n<p><b>| Observa\u00e7\u00e3o das geleiras suspensas do Cerro Mayo e do Cerro Negro a partir da margem do lago.<\/b><\/p>\n<p><b>| Desembarque em Cerro Negro. <\/b><span style=\"font-weight: 400;\">Uma caminhada de 1.000 metros pela floresta at\u00e9 a base do Cerro Negro, com vistas privilegiadas da geleira de mesmo nome.<\/span><\/p>\n<p><b>| Navega\u00e7\u00e3o at\u00e9 o Glaciar Perito Moreno. <\/b><span style=\"font-weight: 400;\">Desembarque em Puerto Moreno. Caminhe pelo setor de passarelas, observando as frentes e os desprendimentos da geleira.<\/span><\/p>\n<p><b>17:00 hs: Retorno ao porto de Punta Bandera.<\/b><span style=\"font-weight: 400;\"> Embarque e viagem de volta.<\/span><\/p>\n<p><b>18:00 hs: Chegada em El Calafate.<\/b><\/p>\n<h4 style=\"text-align: center;\"><\/h4>\n<p>&nbsp;<\/p>\n<p><span style=\"font-weight: 400;\">\u2705 <\/span><b>Inclui<\/b><\/p>\n<ul>\n<li style=\"font-weight: 400;\" aria-level=\"1\"><span style=\"font-weight: 400;\">Traslados de e para sua acomoda\u00e7\u00e3o em El Calafate.<\/span><\/li>\n<li style=\"font-weight: 400;\" aria-level=\"1\"><span style=\"font-weight: 400;\">Guia profissional bil\u00edngue (espanhol\/ingl\u00eas).<\/span><\/li>\n<\/ul>\n<h4 style=\"text-align: center;\"><\/h4>\n<p><span style=\"font-weight: 400;\">\u274c <\/span><b>N\u00e3o inclui<\/b><\/p>\n<ul>\n<li style=\"font-weight: 400;\" aria-level=\"1\"><span style=\"font-weight: 400;\">Entrada para o Parque Nacional Los Glaciares (obrigat\u00f3ria).<\/span><\/li>\n<li style=\"font-weight: 400;\" aria-level=\"1\"><span style=\"font-weight: 400;\">Almo\u00e7o.<\/span><\/li>\n<li style=\"font-weight: 400;\" aria-level=\"1\"><span style=\"font-weight: 400;\">Outros consumos fora do programa.<\/span><\/li>\n<\/ul>\n<h4 style=\"text-align: center;\"><\/h4>\n<p>&nbsp;<\/p>\n<p><b>Informa\u00e7\u00f5es importantes<\/b><\/p>\n<ul>\n<li style=\"font-weight: 400;\" aria-level=\"1\"><b>Excurs\u00e3o N\u00c3O ADEQUADA para pessoas com dificuldades de locomo\u00e7\u00e3o (uso de cadeiras de rodas, bengalas ou qualquer outro problema de locomo\u00e7\u00e3o). N\u00e3o h\u00e1 limite de idade.<\/b><\/li>\n<li style=\"font-weight: 400;\" aria-level=\"1\"><b>Pol\u00edticas de cancelamento e modifica\u00e7\u00e3o:<\/b><span style=\"font-weight: 400;\"> leia-os atentamente ao fazer o login <strong><a href=\"https:\/\/insighttravel.com.ar\/wp-content\/uploads\/2025\/09\/Politicas-de-Cancelacion-y-Modificacion-Cancelation-and-Modification-Policies-Southern-Spirit_compressed-1.pdf\" target=\"_blank\" rel=\"noopener\">aqui.<\/a><\/strong><\/span><\/li>\n<li style=\"font-weight: 400;\" aria-level=\"1\"><span style=\"font-weight: 400;\">Consulte-nos para saber os hor\u00e1rios exatos de partida e as tarifas atualizadas.<\/span><\/li>\n<li style=\"font-weight: 400;\" aria-level=\"1\"><span style=\"font-weight: 400;\">Use roupas quentes em camadas, luvas, chap\u00e9u, protetor solar e cal\u00e7ados antiderrapantes para trekking.<\/span><\/li>\n<li style=\"font-weight: 400;\" aria-level=\"1\"><span style=\"font-weight: 400;\">O valor expresso corresponde \u00e0 excurs\u00e3o com traslado inclu\u00eddo no servi\u00e7o regular. Se desejar um traslado particular, entre em contato conosco para obter uma cota\u00e7\u00e3o.<\/span><\/li>\n<\/ul>\n<h4 style=\"text-align: center;\"><\/h4>\n<p>&nbsp;<\/p>\n<p><span style=\"font-weight: 400;\">\ud83d\udcb3 <\/span><b>Termos e meios de pagamento<\/b><\/p>\n<p><span style=\"font-weight: 400;\">Todas as reservas devem ser pagas por transfer\u00eancia banc\u00e1ria, dep\u00f3sito banc\u00e1rio, cart\u00e3o de cr\u00e9dito ou d\u00e9bito. Os pagamentos com cart\u00e3o de cr\u00e9dito e d\u00e9bito incorrer\u00e3o em uma sobretaxa de 7%. <\/span><span style=\"font-weight: 400;\">Somente a reserva \u00e9 feita com o 100% do pagamento.<\/span><\/p>\n<h4 style=\"text-align: center;\"><\/h4>","protected":false},"excerpt":{"rendered":"<p><span style=\"font-weight: 400;\">A combina\u00e7\u00e3o perfeita de caminhadas na floresta andina da Patag\u00f4nia, vistas de cachoeiras, rios, geleiras suspensas e uma visita \u00e0 geleira Perito Moreno.<\/span><\/p>","protected":false},"featured_media":4677,"comment_status":"open","ping_status":"closed","template":"","meta":[],"product_brand":[],"product_cat":[23],"product_tag":[],"destinos":[41],"tipo-de-actividad":[96,94],"temporadas":[47],"class_list":{"0":"post-2130","1":"product","2":"type-product","3":"status-publish","4":"has-post-thumbnail","6":"product_cat-sin-categorizar","7":"destinos-el-calafate","8":"tipo-de-actividad-navegacion-kayak","9":"tipo-de-actividad-aventura-trekking","10":"temporadas-primavera","12":"first","13":"instock","14":"sold-individually","15":"shipping-taxable","16":"purchasable","17":"product-type-booking"},"booking_location":"","booking_location_type":"","booking_duration":1,"booking_duration_unit":"day","booking_buffer":0,"booking_cost":0,"booking_resources":[],"_links":{"self":[{"href":"https:\/\/insighttravel.com.ar\/pt\/wp-json\/wp\/v2\/product\/2130","targetHints":{"allow":["GET"]}}],"collection":[{"href":"https:\/\/insighttravel.com.ar\/pt\/wp-json\/wp\/v2\/product"}],"about":[{"href":"https:\/\/insighttravel.com.ar\/pt\/wp-json\/wp\/v2\/types\/product"}],"replies":[{"embeddable":true,"href":"https:\/\/insighttravel.com.ar\/pt\/wp-json\/wp\/v2\/comments?post=2130"}],"wp:featuredmedia":[{"embeddable":true,"href":"https:\/\/insighttravel.com.ar\/pt\/wp-json\/wp\/v2\/media\/4677"}],"wp:attachment":[{"href":"https:\/\/insighttravel.com.ar\/pt\/wp-json\/wp\/v2\/media?parent=2130"}],"wp:term":[{"taxonomy":"product_brand","embeddable":true,"href":"https:\/\/insighttravel.com.ar\/pt\/wp-json\/wp\/v2\/product_brand?post=2130"},{"taxonomy":"product_cat","embeddable":true,"href":"https:\/\/insighttravel.com.ar\/pt\/wp-json\/wp\/v2\/product_cat?post=2130"},{"taxonomy":"product_tag","embeddable":true,"href":"https:\/\/insighttravel.com.ar\/pt\/wp-json\/wp\/v2\/product_tag?post=2130"},{"taxonomy":"destinos","embeddable":true,"href":"https:\/\/insighttravel.com.ar\/pt\/wp-json\/wp\/v2\/destinos?post=2130"},{"taxonomy":"tipo-de-actividad","embeddable":true,"href":"https:\/\/insighttravel.com.ar\/pt\/wp-json\/wp\/v2\/tipo-de-actividad?post=2130"},{"taxonomy":"temporadas","embeddable":true,"href":"https:\/\/insighttravel.com.ar\/pt\/wp-json\/wp\/v2\/temporadas?post=2130"}],"curies":[{"name":"wp","href":"https:\/\/api.w.org\/{rel}","templated":true}]}}