{"id":2135,"date":"2025-10-23T18:10:50","date_gmt":"2025-10-23T21:10:50","guid":{"rendered":"https:\/\/insighttravel.com.ar\/?post_type=product&#038;p=2135"},"modified":"2026-03-16T10:44:07","modified_gmt":"2026-03-16T13:44:07","slug":"estancia-cristina-classic","status":"publish","type":"product","link":"https:\/\/insighttravel.com.ar\/pt\/producto\/estancia-cristina-classic\/","title":{"rendered":"Est\u00e2ncia Cristina - Cl\u00e1ssico"},"content":{"rendered":"<h3 style=\"text-align: center;\"><strong>Estancia Cristina: Navega\u00e7\u00e3o e caminhada com vista para a geleira Upsala<\/strong><\/h3>\n<p style=\"text-align: center;\"><span style=\"font-weight: 400;\">Descubra o cen\u00e1rio de tirar o f\u00f4lego do Lago Argentino e desfrute de vistas \u00fanicas da Geleira Upsala nesta excurs\u00e3o que combina navega\u00e7\u00e3o e caminhadas guiadas pela hist\u00f3rica Estancia Cristina.<\/span><\/p>\n<h4 style=\"text-align: center;\"><\/h4>\n<p>&nbsp;<\/p>\n<p><b>Itiner\u00e1rio detalhado. <\/b><span style=\"font-weight: 400;\">Os hor\u00e1rios indicados est\u00e3o sujeitos a altera\u00e7\u00f5es e varia\u00e7\u00f5es.<\/span><\/p>\n<p><b>07:30 hs. Recep\u00e7\u00e3o em sua acomoda\u00e7\u00e3o. <\/b><span style=\"font-weight: 400;\">Traslado de El Calafate para o porto de Punta Bandera.<\/span><\/p>\n<p><b>09:00 hs: Navega\u00e7\u00e3o pelo bra\u00e7o norte do Lago Argentino. <\/b><span style=\"font-weight: 400;\">Em dire\u00e7\u00e3o ao Canal Upsala, navegando entre icebergs que se desprendem da geleira. Acesso ao Canal Cristina para desembarcar na Est\u00e2ncia.<\/span><\/p>\n<p><b>11h30: Chegada \u00e0 Est\u00e2ncia e in\u00edcio das atividades. <\/b><span style=\"font-weight: 400;\">Subida \u00e0 Cachoeira Los Perros: caminhada guiada em um ec\u00f3tono semi\u00e1rido, uma zona de transi\u00e7\u00e3o entre dois sistemas ecol\u00f3gicos diferentes. Vista panor\u00e2mica do Lago Argentino ao Lago Pearson.<\/span><\/p>\n<p><b>| Caminhada at\u00e9 o Rio Caterina e visita \u00e0 Est\u00e2ncia.<\/b><span style=\"font-weight: 400;\"> Rota de baixa dificuldade at\u00e9 o rio Caterina, a roda d'\u00e1gua e a capela pr\u00f3xima.<\/span><\/p>\n<p><b>| Visita ao Museu Costumbrista<\/b><span style=\"font-weight: 400;\">O museu \u00e9 um antigo galp\u00e3o de tosquia, que conta a hist\u00f3ria dos pioneiros da regi\u00e3o.<\/span><\/p>\n<p><b>| Almo\u00e7o na Est\u00e2ncia.<\/b><span style=\"font-weight: 400;\"> Desfrute de um almo\u00e7o no restaurante da Est\u00e2ncia, com tempo para relaxar e apreciar o ambiente natural.<\/span><\/p>\n<p><b>17:30 hs: Retorno \u00e0 Est\u00e2ncia e navega\u00e7\u00e3o de volta.<\/b><span style=\"font-weight: 400;\"> Retorno de barco a Puerto Punta Bandera e traslado de volta a El Calafate.<\/span><\/p>\n<p><b>19:30 hs: Chegada em El Calafate.<\/b><\/p>\n<h4 style=\"text-align: center;\"><\/h4>\n<p>&nbsp;<\/p>\n<p><span style=\"font-weight: 400;\">\u2705 <\/span><b>Inclui<\/b><\/p>\n<ul>\n<li style=\"font-weight: 400;\" aria-level=\"1\"><span style=\"font-weight: 400;\">Traslados de e para sua acomoda\u00e7\u00e3o em El Calafate.<\/span><\/li>\n<li style=\"font-weight: 400;\" aria-level=\"1\"><span style=\"font-weight: 400;\">Guia profissional bil\u00edngue (espanhol\/ingl\u00eas).<\/span><\/li>\n<li style=\"font-weight: 400;\" aria-level=\"1\"><span style=\"font-weight: 400;\">Visita ao Museo Costumbrista.<\/span><\/li>\n<li style=\"font-weight: 400;\" aria-level=\"1\"><span style=\"font-weight: 400;\">Almo\u00e7o na Est\u00e2ncia.<\/span><\/li>\n<\/ul>\n<h4 style=\"text-align: center;\"><\/h4>\n<p><span style=\"font-weight: 400;\">\u274c <\/span><b>N\u00e3o inclui<\/b><\/p>\n<ul>\n<li style=\"font-weight: 400;\" aria-level=\"1\"><span style=\"font-weight: 400;\">Entrada para o Parque Nacional Los Glaciares (obrigat\u00f3ria).<\/span><\/li>\n<li style=\"font-weight: 400;\" aria-level=\"1\"><span style=\"font-weight: 400;\">Outros consumos fora do programa.<\/span><\/li>\n<\/ul>\n<h4 style=\"text-align: center;\"><\/h4>\n<p>&nbsp;<\/p>\n<p><b>Informa\u00e7\u00f5es importantes<\/b><\/p>\n<ul>\n<li style=\"font-weight: 400;\" aria-level=\"1\"><b>Pol\u00edticas de cancelamento e modifica\u00e7\u00e3o:<\/b><span style=\"font-weight: 400;\"> leia-os atentamente ao fazer o login <strong><a href=\"https:\/\/insighttravel.com.ar\/wp-content\/uploads\/2025\/09\/Politicas-de-Cancelacion-y-Modificacion-Cancelation-and-Modification-Policies-Estancia-Cristina_compressed-1.pdf\" target=\"_blank\" rel=\"noopener\">aqui.<\/a><\/strong><\/span><\/li>\n<li style=\"font-weight: 400;\" aria-level=\"1\"><span style=\"font-weight: 400;\">Consulte-nos para saber os hor\u00e1rios exatos de partida e as tarifas atualizadas.<\/span><\/li>\n<li style=\"font-weight: 400;\" aria-level=\"1\"><span style=\"font-weight: 400;\">Use roupas quentes em camadas, luvas, chap\u00e9u, protetor solar e cal\u00e7ados antiderrapantes para trekking.<\/span><\/li>\n<li style=\"font-weight: 400;\" aria-level=\"1\"><span style=\"font-weight: 400;\">O valor expresso corresponde \u00e0 excurs\u00e3o com traslado inclu\u00eddo no servi\u00e7o regular. Se desejar um traslado particular, entre em contato conosco para obter uma cota\u00e7\u00e3o.<\/span><\/li>\n<\/ul>\n<h4 style=\"text-align: center;\"><\/h4>\n<p>&nbsp;<\/p>\n<p><span style=\"font-weight: 400;\">\ud83d\udcb3 <\/span><b>Termos e meios de pagamento<\/b><\/p>\n<p><span style=\"font-weight: 400;\">Todas as reservas devem ser pagas por transfer\u00eancia banc\u00e1ria, dep\u00f3sito banc\u00e1rio, cart\u00e3o de cr\u00e9dito ou d\u00e9bito. Os pagamentos com cart\u00e3o de cr\u00e9dito e d\u00e9bito incorrer\u00e3o em uma sobretaxa de 7%. <\/span><span style=\"font-weight: 400;\">Somente a reserva \u00e9 feita com o 100% do pagamento.<\/span><\/p>","protected":false},"excerpt":{"rendered":"<p>Estancia Cristina: Navegaci\u00f3n y Caminatas con Vistas al Glaciar Upsala Descubr\u00ed los paisajes imponentes del Lago Argentino y disfrut\u00e1 de vistas \u00fanicas del Glaciar Upsala en esta excursi\u00f3n que combina navegaci\u00f3n y caminatas guiadas por la hist\u00f3rica Estancia Cristina. &nbsp; \ud83d\udccd Itinerario detallado. Los horarios indicados quedan sujetos a modificaciones y variaciones. 07:30 hs | [&hellip;]<\/p>\n","protected":false},"featured_media":4695,"comment_status":"open","ping_status":"closed","template":"","meta":[],"product_brand":[],"product_cat":[23],"product_tag":[],"destinos":[41],"tipo-de-actividad":[95],"temporadas":[47],"class_list":{"0":"post-2135","1":"product","2":"type-product","3":"status-publish","4":"has-post-thumbnail","6":"product_cat-sin-categorizar","7":"destinos-el-calafate","8":"tipo-de-actividad-estancias","9":"temporadas-primavera","11":"first","12":"instock","13":"sold-individually","14":"shipping-taxable","15":"purchasable","16":"product-type-booking"},"booking_location":"","booking_location_type":"","booking_duration":1,"booking_duration_unit":"day","booking_buffer":0,"booking_cost":0,"booking_resources":[],"_links":{"self":[{"href":"https:\/\/insighttravel.com.ar\/pt\/wp-json\/wp\/v2\/product\/2135","targetHints":{"allow":["GET"]}}],"collection":[{"href":"https:\/\/insighttravel.com.ar\/pt\/wp-json\/wp\/v2\/product"}],"about":[{"href":"https:\/\/insighttravel.com.ar\/pt\/wp-json\/wp\/v2\/types\/product"}],"replies":[{"embeddable":true,"href":"https:\/\/insighttravel.com.ar\/pt\/wp-json\/wp\/v2\/comments?post=2135"}],"wp:featuredmedia":[{"embeddable":true,"href":"https:\/\/insighttravel.com.ar\/pt\/wp-json\/wp\/v2\/media\/4695"}],"wp:attachment":[{"href":"https:\/\/insighttravel.com.ar\/pt\/wp-json\/wp\/v2\/media?parent=2135"}],"wp:term":[{"taxonomy":"product_brand","embeddable":true,"href":"https:\/\/insighttravel.com.ar\/pt\/wp-json\/wp\/v2\/product_brand?post=2135"},{"taxonomy":"product_cat","embeddable":true,"href":"https:\/\/insighttravel.com.ar\/pt\/wp-json\/wp\/v2\/product_cat?post=2135"},{"taxonomy":"product_tag","embeddable":true,"href":"https:\/\/insighttravel.com.ar\/pt\/wp-json\/wp\/v2\/product_tag?post=2135"},{"taxonomy":"destinos","embeddable":true,"href":"https:\/\/insighttravel.com.ar\/pt\/wp-json\/wp\/v2\/destinos?post=2135"},{"taxonomy":"tipo-de-actividad","embeddable":true,"href":"https:\/\/insighttravel.com.ar\/pt\/wp-json\/wp\/v2\/tipo-de-actividad?post=2135"},{"taxonomy":"temporadas","embeddable":true,"href":"https:\/\/insighttravel.com.ar\/pt\/wp-json\/wp\/v2\/temporadas?post=2135"}],"curies":[{"name":"wp","href":"https:\/\/api.w.org\/{rel}","templated":true}]}}