{"id":2167,"date":"2025-10-23T18:15:00","date_gmt":"2025-10-23T21:15:00","guid":{"rendered":"https:\/\/insighttravel.com.ar\/?post_type=product&#038;p=2167"},"modified":"2026-02-09T10:52:18","modified_gmt":"2026-02-09T13:52:18","slug":"estancia-nibepo-aike","status":"publish","type":"product","link":"https:\/\/insighttravel.com.ar\/pt\/producto\/estancia-nibepo-aike\/","title":{"rendered":"Est\u00e2ncia Nibepo Aike"},"content":{"rendered":"<h3 style=\"text-align: center;\"><strong>Est\u00e2ncia Nibepo Aike: uma experi\u00eancia aut\u00eantica da vida rural<\/strong><\/h3>\n<p style=\"text-align: center;\"><span style=\"font-weight: 400;\">Desfrute de um dia repleto de hist\u00f3ria, natureza e gastronomia em uma est\u00e2ncia t\u00edpica da Patag\u00f4nia, descobrindo a vida rural e as tradi\u00e7\u00f5es dos pioneiros da regi\u00e3o.<\/span><\/p>\n<p>&nbsp;<\/p>\n<p><b>Itiner\u00e1rio detalhado. <\/b><span style=\"font-weight: 400;\">Os hor\u00e1rios indicados est\u00e3o sujeitos a altera\u00e7\u00f5es e varia\u00e7\u00f5es.<\/span><\/p>\n<p><b>08:15 hs: Recep\u00e7\u00e3o em sua acomoda\u00e7\u00e3o.<\/b><span style=\"font-weight: 400;\"> Traslado de El Calafate pela Rota Provincial 15, conhecida como \"Camino de las Estancias\".<\/span><\/p>\n<p><b>10:15 hs: Chegada \u00e0 Est\u00e2ncia Nibepo Aike.<\/b><span style=\"font-weight: 400;\"> Boas-vindas do guia anfitri\u00e3o no Quincho.<\/span><\/p>\n<p><span style=\"font-weight: 400;\">Bebida quente acompanhada de doces caseiros.<\/span><\/p>\n<p><b>| Tour pela Est\u00e2ncia. <\/b><span style=\"font-weight: 400;\">Conhecimento da hist\u00f3ria da est\u00e2ncia e da fam\u00edlia pioneira que a administra.<\/span><\/p>\n<p><b>| Caminhada ou passeio a cavalo at\u00e9 La Angostura<\/b><span style=\"font-weight: 400;\">onde o Lago Roca e o Lago Argentino se encontram.<\/span><\/p>\n<p><b>| Atividades tradicionais.<\/b><span style=\"font-weight: 400;\"> Visita ao galp\u00e3o de tosquia e demonstra\u00e7\u00e3o do trabalho com ovelhas. Teste de r\u00e9deas e tarefas de ordenha e pastoreio.<\/span><\/p>\n<p><b>13:30 hs: Almo\u00e7o tradicional.<\/b><span style=\"font-weight: 400;\"> Aprecie o famoso churrasco de cordeiro patag\u00f4nico no Quincho da est\u00e2ncia.<\/span><\/p>\n<p><b>15:00 hs: Retorno a El Calafate.<\/b><span style=\"font-weight: 400;\"> Fa\u00e7a o traslado de volta pela mesma rota, culminando a experi\u00eancia.<\/span><\/p>\n<p><b>16:00 hs: Chegada a El Calafate.<\/b><\/p>\n<p>&nbsp;<\/p>\n<p><b>\u2705 Inclui<\/b><\/p>\n<ul>\n<li style=\"font-weight: 400;\" aria-level=\"1\"><span style=\"font-weight: 400;\">Traslados de e para sua acomoda\u00e7\u00e3o em El Calafate.<\/span><\/li>\n<li style=\"font-weight: 400;\" aria-level=\"1\"><span style=\"font-weight: 400;\">Guia profissional bil\u00edngue (espanhol\/ingl\u00eas).<\/span><\/li>\n<li style=\"font-weight: 400;\" aria-level=\"1\"><span style=\"font-weight: 400;\">Bebida quente e doces caseiros na chegada.<\/span><\/li>\n<li style=\"font-weight: 400;\" aria-level=\"1\"><span style=\"font-weight: 400;\">Almo\u00e7o na Est\u00e2ncia.<\/span><\/li>\n<\/ul>\n<p>&nbsp;<\/p>\n<p><span style=\"font-weight: 400;\">\u274c <\/span><b>N\u00e3o inclui<\/b><\/p>\n<ul>\n<li style=\"font-weight: 400;\" aria-level=\"1\"><span style=\"font-weight: 400;\">Passeios a cavalo (a partir de 11 anos de idade).<\/span><\/li>\n<li style=\"font-weight: 400;\" aria-level=\"1\"><span style=\"font-weight: 400;\">Outros consumos fora do programa.<\/span><\/li>\n<\/ul>\n<p>&nbsp;<\/p>\n<p><b>Informa\u00e7\u00f5es importantes<\/b><\/p>\n<ul>\n<li style=\"font-weight: 400;\" aria-level=\"1\"><b>Pol\u00edticas de cancelamento e modifica\u00e7\u00e3o:<\/b><span style=\"font-weight: 400;\"> leia-os atentamente ao fazer o login<\/span><strong><a href=\"https:\/\/insighttravel.com.ar\/wp-content\/uploads\/2025\/09\/Politicas-de-Cancelacion-y-Modificacion-Cancelation-and-Modification-Policies_compressed-1.pdf\" target=\"_blank\" rel=\"noopener\"> aqui.<\/a><\/strong><\/li>\n<li style=\"font-weight: 400;\" aria-level=\"1\"><span style=\"font-weight: 400;\">Consulte-nos para saber os hor\u00e1rios exatos de partida e as tarifas atualizadas.<\/span><\/li>\n<li style=\"font-weight: 400;\" aria-level=\"1\"><span style=\"font-weight: 400;\">Use roupas quentes em camadas, luvas, chap\u00e9u, protetor solar e cal\u00e7ados antiderrapantes para trekking.<\/span><\/li>\n<li style=\"font-weight: 400;\" aria-level=\"1\"><span style=\"font-weight: 400;\">O valor expresso corresponde \u00e0 excurs\u00e3o com traslado inclu\u00eddo no servi\u00e7o regular. Se desejar um traslado particular, entre em contato conosco para obter uma cota\u00e7\u00e3o.<\/span><\/li>\n<\/ul>\n<p>&nbsp;<\/p>\n<p><span style=\"font-weight: 400;\">\ud83d\udcb3 <\/span><b>Termos e meios de pagamento<\/b><\/p>\n<p><span style=\"font-weight: 400;\">Todas as reservas devem ser pagas por transfer\u00eancia banc\u00e1ria, dep\u00f3sito banc\u00e1rio, cart\u00e3o de cr\u00e9dito ou d\u00e9bito. Os pagamentos com cart\u00e3o de cr\u00e9dito e d\u00e9bito incorrer\u00e3o em uma sobretaxa de 7%. <\/span><span style=\"font-weight: 400;\">Somente a reserva \u00e9 feita com o 100% do pagamento.<\/span><\/p>\n<p><br style=\"font-weight: 400;\" \/><br style=\"font-weight: 400;\" \/><\/p>","protected":false},"excerpt":{"rendered":"<p>Estancia Nibepo Aike: Una experiencia aut\u00e9ntica de vida rural Disfrut\u00e1 de un d\u00eda lleno de historia, naturaleza y gastronom\u00eda en una t\u00edpica estancia patag\u00f3nica, descubriendo la vida rural y las tradiciones de los pioneros de la regi\u00f3n. &nbsp; \ud83d\udccd Itinerario detallado. Los horarios indicados quedan sujetos a modificaciones y variaciones. 08:15 hs | Pick up [&hellip;]<\/p>\n","protected":false},"featured_media":4868,"comment_status":"open","ping_status":"closed","template":"","meta":[],"product_brand":[],"product_cat":[23],"product_tag":[],"destinos":[41],"tipo-de-actividad":[93,95],"temporadas":[47],"class_list":{"0":"post-2167","1":"product","2":"type-product","3":"status-publish","4":"has-post-thumbnail","6":"product_cat-sin-categorizar","7":"destinos-el-calafate","8":"tipo-de-actividad-4x4-cabalgatas","9":"tipo-de-actividad-estancias","10":"temporadas-primavera","12":"first","13":"instock","14":"sold-individually","15":"shipping-taxable","16":"purchasable","17":"product-type-booking"},"booking_location":"","booking_location_type":"","booking_duration":1,"booking_duration_unit":"day","booking_buffer":0,"booking_cost":0,"booking_resources":[],"_links":{"self":[{"href":"https:\/\/insighttravel.com.ar\/pt\/wp-json\/wp\/v2\/product\/2167","targetHints":{"allow":["GET"]}}],"collection":[{"href":"https:\/\/insighttravel.com.ar\/pt\/wp-json\/wp\/v2\/product"}],"about":[{"href":"https:\/\/insighttravel.com.ar\/pt\/wp-json\/wp\/v2\/types\/product"}],"replies":[{"embeddable":true,"href":"https:\/\/insighttravel.com.ar\/pt\/wp-json\/wp\/v2\/comments?post=2167"}],"wp:featuredmedia":[{"embeddable":true,"href":"https:\/\/insighttravel.com.ar\/pt\/wp-json\/wp\/v2\/media\/4868"}],"wp:attachment":[{"href":"https:\/\/insighttravel.com.ar\/pt\/wp-json\/wp\/v2\/media?parent=2167"}],"wp:term":[{"taxonomy":"product_brand","embeddable":true,"href":"https:\/\/insighttravel.com.ar\/pt\/wp-json\/wp\/v2\/product_brand?post=2167"},{"taxonomy":"product_cat","embeddable":true,"href":"https:\/\/insighttravel.com.ar\/pt\/wp-json\/wp\/v2\/product_cat?post=2167"},{"taxonomy":"product_tag","embeddable":true,"href":"https:\/\/insighttravel.com.ar\/pt\/wp-json\/wp\/v2\/product_tag?post=2167"},{"taxonomy":"destinos","embeddable":true,"href":"https:\/\/insighttravel.com.ar\/pt\/wp-json\/wp\/v2\/destinos?post=2167"},{"taxonomy":"tipo-de-actividad","embeddable":true,"href":"https:\/\/insighttravel.com.ar\/pt\/wp-json\/wp\/v2\/tipo-de-actividad?post=2167"},{"taxonomy":"temporadas","embeddable":true,"href":"https:\/\/insighttravel.com.ar\/pt\/wp-json\/wp\/v2\/temporadas?post=2167"}],"curies":[{"name":"wp","href":"https:\/\/api.w.org\/{rel}","templated":true}]}}