{"id":2184,"date":"2025-10-23T18:16:13","date_gmt":"2025-10-23T21:16:13","guid":{"rendered":"https:\/\/insighttravel.com.ar\/?post_type=product&#038;p=2184"},"modified":"2026-03-16T10:43:04","modified_gmt":"2026-03-16T13:43:04","slug":"estancia-cristina-glacier-viewpoint-upsala","status":"publish","type":"product","link":"https:\/\/insighttravel.com.ar\/pt\/producto\/estancia-cristina-mirador-del-glaciar-upsala\/","title":{"rendered":"Estancia Cristina - Mirante da geleira Upsala"},"content":{"rendered":"<h3 style=\"text-align: center;\"><strong>Mirante da Geleira Upsala e Est\u00e2ncia Patag\u00f4nia<\/strong><\/h3>\n<p style=\"text-align: center;\"><span style=\"font-weight: 400;\">Desfrute de uma experi\u00eancia \u00fanica que combina navega\u00e7\u00e3o, paisagens patag\u00f4nicas e caminhadas com vistas privilegiadas do Glaciar Upsala, do Lago Guillermo e da Cordilheira dos Andes.<\/span><\/p>\n<h4 style=\"text-align: center;\"><\/h4>\n<p>&nbsp;<\/p>\n<p><b>Itiner\u00e1rio detalhado. <\/b><span style=\"font-weight: 400;\">Os hor\u00e1rios indicados est\u00e3o sujeitos a altera\u00e7\u00f5es e varia\u00e7\u00f5es.<\/span><\/p>\n<p><b>07:30 hs. Recep\u00e7\u00e3o em sua acomoda\u00e7\u00e3o. <\/b><span style=\"font-weight: 400;\">Traslado de El Calafate para o porto de Punta Bandera.<\/span><\/p>\n<p><b>09:00 hs: Navega\u00e7\u00e3o pelo bra\u00e7o norte do Lago Argentino. <\/b><span style=\"font-weight: 400;\">Em dire\u00e7\u00e3o ao Canal Upsala, navegando entre icebergs que se desprendem da geleira. Acesso ao Canal Cristina para desembarcar na Est\u00e2ncia.<\/span><\/p>\n<p><b>11h30: Chegada \u00e0 Est\u00e2ncia e in\u00edcio da expedi\u00e7\u00e3o em ve\u00edculos 4\u00d74 e caminhada at\u00e9 o mirante da Geleira Upsala.<\/b><span style=\"font-weight: 400;\"> Dirija em ve\u00edculos 4\u00d74 pelas paisagens da Patag\u00f4nia at\u00e9 o Mirante da Geleira Upsala. Uma caminhada de 15 minutos sobre o terreno de eros\u00e3o glacial, com vistas panor\u00e2micas da geleira, do Lago Guillermo, do Campo de Gelo Patag\u00f4nico Sul e da Cordilheira dos Andes.<\/span><\/p>\n<p><b>| Museu Costumbrista.<\/b><span style=\"font-weight: 400;\"> Visita ao antigo galp\u00e3o de tosquia, onde voc\u00ea aprender\u00e1 sobre a hist\u00f3ria dos pioneiros da regi\u00e3o.<\/span><\/p>\n<p><b>| Almo\u00e7o na Est\u00e2ncia.<\/b><span style=\"font-weight: 400;\"> Desfrute de um almo\u00e7o t\u00edpico no restaurante da Est\u00e2ncia.<\/span><\/p>\n<p><b>17:30 hs: Retorno de barco. <\/b><span style=\"font-weight: 400;\">Navega\u00e7\u00e3o de volta ao porto de Punta Bandera e traslado para El Calafate.<\/span><\/p>\n<p><b>19:30 hs: Chegada em El Calafate.<\/b><\/p>\n<h4 style=\"text-align: center;\"><\/h4>\n<p>&nbsp;<\/p>\n<p><span style=\"font-weight: 400;\">\u2705 <\/span><b>Inclui<\/b><\/p>\n<ul>\n<li style=\"font-weight: 400;\" aria-level=\"1\"><span style=\"font-weight: 400;\">Traslados de e para sua acomoda\u00e7\u00e3o em El Calafate.<\/span><\/li>\n<li style=\"font-weight: 400;\" aria-level=\"1\"><span style=\"font-weight: 400;\">Guia profissional bil\u00edngue (espanhol\/ingl\u00eas).<\/span><\/li>\n<li style=\"font-weight: 400;\" aria-level=\"1\"><span style=\"font-weight: 400;\">Almo\u00e7o na Est\u00e2ncia.<\/span><\/li>\n<li style=\"font-weight: 400;\" aria-level=\"1\"><span style=\"font-weight: 400;\">Visita ao Museo Costumbrista.<\/span><\/li>\n<\/ul>\n<h4 style=\"text-align: center;\"><\/h4>\n<p><span style=\"font-weight: 400;\">\u274c <\/span><b>N\u00e3o inclui<\/b><\/p>\n<ul>\n<li style=\"font-weight: 400;\" aria-level=\"1\"><span style=\"font-weight: 400;\">Entrada para o Parque Nacional Los Glaciares (obrigat\u00f3ria).<\/span><\/li>\n<li style=\"font-weight: 400;\" aria-level=\"1\"><span style=\"font-weight: 400;\">Outros consumos fora do programa.<\/span><\/li>\n<\/ul>\n<h4 style=\"text-align: center;\"><\/h4>\n<p>&nbsp;<\/p>\n<p><b>Informa\u00e7\u00f5es importantes<\/b><\/p>\n<ul>\n<li style=\"font-weight: 400;\" aria-level=\"1\"><b>Pol\u00edticas de cancelamento e modifica\u00e7\u00e3o:<\/b><span style=\"font-weight: 400;\"> leia-os atentamente ao fazer o login <strong><a href=\"https:\/\/insighttravel.com.ar\/wp-content\/uploads\/2025\/09\/Politicas-de-Cancelacion-y-Modificacion-Cancelation-and-Modification-Policies-Estancia-Cristina_compressed-1.pdf\" target=\"_blank\" rel=\"noopener\">aqui.<\/a><\/strong>\u00a0<\/span><\/li>\n<li style=\"font-weight: 400;\" aria-level=\"1\"><span style=\"font-weight: 400;\">Consulte-nos para saber os hor\u00e1rios exatos de partida e as tarifas atualizadas.<\/span><\/li>\n<li style=\"font-weight: 400;\" aria-level=\"1\"><span style=\"font-weight: 400;\">Use roupas quentes em camadas, luvas, chap\u00e9u, protetor solar e cal\u00e7ados antiderrapantes para trekking.<\/span><\/li>\n<li style=\"font-weight: 400;\" aria-level=\"1\"><span style=\"font-weight: 400;\">O valor expresso corresponde \u00e0 excurs\u00e3o com traslado inclu\u00eddo no servi\u00e7o regular. Se desejar um traslado particular, entre em contato conosco para obter uma cota\u00e7\u00e3o.<\/span><\/li>\n<\/ul>\n<h4 style=\"text-align: center;\"><\/h4>\n<p>&nbsp;<\/p>\n<p><span style=\"font-weight: 400;\">\ud83d\udcb3 <\/span><b>Termos e meios de pagamento<\/b><\/p>\n<p><span style=\"font-weight: 400;\">Todas as reservas devem ser pagas por transfer\u00eancia banc\u00e1ria, dep\u00f3sito banc\u00e1rio, cart\u00e3o de cr\u00e9dito ou d\u00e9bito. Os pagamentos com cart\u00e3o de cr\u00e9dito e d\u00e9bito incorrer\u00e3o em uma sobretaxa de 7%. <\/span><span style=\"font-weight: 400;\">Somente a reserva \u00e9 feita com o 100% do pagamento.<\/span><\/p>","protected":false},"excerpt":{"rendered":"<p>Mirador del Glaciar Upsala y Estancia Patagonia Disfrut\u00e1 de una experiencia \u00fanica combinando navegaci\u00f3n, paisajes patag\u00f3nicos y caminata con vistas privilegiadas del Glaciar Upsala, el Lago Guillermo y la Cordillera de los Andes. &nbsp; \ud83d\udccd Itinerario detallado. Los horarios indicados quedan sujetos a modificaciones y variaciones. 07:30 hs | Pick up en tu alojamiento. Traslado [&hellip;]<\/p>\n","protected":false},"featured_media":4702,"comment_status":"open","ping_status":"closed","template":"","meta":[],"product_brand":[],"product_cat":[23],"product_tag":[],"destinos":[41],"tipo-de-actividad":[93,95],"temporadas":[47],"class_list":{"0":"post-2184","1":"product","2":"type-product","3":"status-publish","4":"has-post-thumbnail","6":"product_cat-sin-categorizar","7":"destinos-el-calafate","8":"tipo-de-actividad-4x4-cabalgatas","9":"tipo-de-actividad-estancias","10":"temporadas-primavera","12":"first","13":"instock","14":"sold-individually","15":"shipping-taxable","16":"purchasable","17":"product-type-booking"},"booking_location":"","booking_location_type":"","booking_duration":1,"booking_duration_unit":"day","booking_buffer":0,"booking_cost":0,"booking_resources":[],"_links":{"self":[{"href":"https:\/\/insighttravel.com.ar\/pt\/wp-json\/wp\/v2\/product\/2184","targetHints":{"allow":["GET"]}}],"collection":[{"href":"https:\/\/insighttravel.com.ar\/pt\/wp-json\/wp\/v2\/product"}],"about":[{"href":"https:\/\/insighttravel.com.ar\/pt\/wp-json\/wp\/v2\/types\/product"}],"replies":[{"embeddable":true,"href":"https:\/\/insighttravel.com.ar\/pt\/wp-json\/wp\/v2\/comments?post=2184"}],"wp:featuredmedia":[{"embeddable":true,"href":"https:\/\/insighttravel.com.ar\/pt\/wp-json\/wp\/v2\/media\/4702"}],"wp:attachment":[{"href":"https:\/\/insighttravel.com.ar\/pt\/wp-json\/wp\/v2\/media?parent=2184"}],"wp:term":[{"taxonomy":"product_brand","embeddable":true,"href":"https:\/\/insighttravel.com.ar\/pt\/wp-json\/wp\/v2\/product_brand?post=2184"},{"taxonomy":"product_cat","embeddable":true,"href":"https:\/\/insighttravel.com.ar\/pt\/wp-json\/wp\/v2\/product_cat?post=2184"},{"taxonomy":"product_tag","embeddable":true,"href":"https:\/\/insighttravel.com.ar\/pt\/wp-json\/wp\/v2\/product_tag?post=2184"},{"taxonomy":"destinos","embeddable":true,"href":"https:\/\/insighttravel.com.ar\/pt\/wp-json\/wp\/v2\/destinos?post=2184"},{"taxonomy":"tipo-de-actividad","embeddable":true,"href":"https:\/\/insighttravel.com.ar\/pt\/wp-json\/wp\/v2\/tipo-de-actividad?post=2184"},{"taxonomy":"temporadas","embeddable":true,"href":"https:\/\/insighttravel.com.ar\/pt\/wp-json\/wp\/v2\/temporadas?post=2184"}],"curies":[{"name":"wp","href":"https:\/\/api.w.org\/{rel}","templated":true}]}}