{"id":2736,"date":"2025-10-23T18:18:14","date_gmt":"2025-10-23T21:18:14","guid":{"rendered":"https:\/\/insighttravel.com.ar\/?post_type=product&#038;p=2736"},"modified":"2026-03-16T10:42:50","modified_gmt":"2026-03-16T13:42:50","slug":"estancia-cristina-cavalgadas","status":"publish","type":"product","link":"https:\/\/insighttravel.com.ar\/pt\/producto\/estancia-cristina-cabalgata\/","title":{"rendered":"Estancia Cristina - Passeios a cavalo"},"content":{"rendered":"<h3 style=\"text-align: center;\"><strong>Passeios a cavalo pelas geleiras e pelo Vale do Rio Caterina<\/strong><\/h3>\n<p style=\"text-align: center;\"><span style=\"font-weight: 400;\">Viva uma experi\u00eancia \u00fanica combinando navega\u00e7\u00e3o entre icebergs e cavalgadas por vales e montanhas, desfrutando de paisagens glaciais virgens na Patag\u00f4nia.<\/span><\/p>\n<p>&nbsp;<\/p>\n<p><b>Itiner\u00e1rio detalhado. <\/b><span style=\"font-weight: 400;\">Os hor\u00e1rios indicados est\u00e3o sujeitos a altera\u00e7\u00f5es e varia\u00e7\u00f5es.<\/span><\/p>\n<p><b>07:30 hs. Recep\u00e7\u00e3o em sua acomoda\u00e7\u00e3o. <\/b><span style=\"font-weight: 400;\">Traslado de El Calafate para o porto de Punta Bandera (47 km).<\/span><\/p>\n<p><b>09:00 hs: Navega\u00e7\u00e3o no Lago Argentino.<\/b><span style=\"font-weight: 400;\"> Navegaremos pelo Bra\u00e7o Norte at\u00e9 o Canal Upsala e o Canal Cristina, para finalmente desembarcarmos na Est\u00e2ncia. Durante a navega\u00e7\u00e3o, ser\u00e1 poss\u00edvel observar grandes icebergs se desprendendo das geleiras.<\/span><\/p>\n<p><b>11:30 hs: Chegada \u00e0 Est\u00e2ncia Cristina e prepara\u00e7\u00e3o para a cavalgada.<\/b><span style=\"font-weight: 400;\"> Aloca\u00e7\u00e3o de cavalos e entrega de equipamentos nos est\u00e1bulos da Est\u00e2ncia.<\/span><\/p>\n<p><b>| Passeios a cavalo no vale do rio Caterina. <\/b><span style=\"font-weight: 400;\">Uma caminhada ao longo do fundo do vale em dire\u00e7\u00e3o ao norte, apreciando a imensid\u00e3o da paisagem glacial intocada.<\/span><\/p>\n<p><b>| Almo\u00e7o no Pearson Lagoon Post.<\/b><\/p>\n<p><b>| Visita ao Museu Costumbrista.<\/b><\/p>\n<p><b>| Retorno \u00e0 Est\u00e2ncia.<\/b><span style=\"font-weight: 400;\"> Se o tempo permitir, eles visitar\u00e3o o Museo Costumbrista.<\/span><\/p>\n<p><b>17:30 hs: Navega\u00e7\u00e3o de volta.<\/b><span style=\"font-weight: 400;\"> Retorno de barco ao Porto de Punta Bandera e traslado final para El Calafate.<\/span><\/p>\n<p><b>19:30 hs: Chegada em El Calafate.<\/b><\/p>\n<h4 style=\"text-align: center;\"><\/h4>\n<p>&nbsp;<\/p>\n<p><span style=\"font-weight: 400;\">\u2705 <\/span><b>Inclui<\/b><\/p>\n<ul>\n<li style=\"font-weight: 400;\" aria-level=\"1\"><span style=\"font-weight: 400;\">Traslado de ida e volta para sua acomoda\u00e7\u00e3o em El Calafate.<\/span><\/li>\n<li style=\"font-weight: 400;\" aria-level=\"1\"><span style=\"font-weight: 400;\">Guia profissional bil\u00edngue (espanhol\/ingl\u00eas).<\/span><\/li>\n<li style=\"font-weight: 400;\" aria-level=\"1\"><span style=\"font-weight: 400;\">Equipe t\u00e9cnica.<\/span><\/li>\n<li style=\"font-weight: 400;\" aria-level=\"1\"><span style=\"font-weight: 400;\">Almo\u00e7o no Pearson Lagoon Post.<\/span><\/li>\n<\/ul>\n<h4 style=\"text-align: center;\"><\/h4>\n<p><span style=\"font-weight: 400;\">\u274c <\/span><b>N\u00e3o inclui<\/b><\/p>\n<ul>\n<li style=\"font-weight: 400;\" aria-level=\"1\"><span style=\"font-weight: 400;\">Entrada para o Parque Nacional Los Glaciares (obrigat\u00f3ria).<\/span><\/li>\n<li style=\"font-weight: 400;\" aria-level=\"1\"><span style=\"font-weight: 400;\">Outros consumos fora do programa.<\/span><\/li>\n<\/ul>\n<h4 style=\"text-align: center;\"><\/h4>\n<p>&nbsp;<\/p>\n<p><b>Informa\u00e7\u00f5es importantes<\/b><\/p>\n<ul>\n<li><b>Idade permitida: 6 anos ou mais | Peso m\u00e1ximo: 95 kg \/ 15 stone \/ 210 lbs.<\/b><\/li>\n<li aria-level=\"1\"><b>Somente para pessoas em \u00f3timas condi\u00e7\u00f5es f\u00edsicas (n\u00e3o recomendado para pessoas com dores nas costas, quadris, tornozelos ou joelhos) e com roupas apropriadas. Se o guia determinar que uma pessoa n\u00e3o est\u00e1 qualificada para a atividade devido a condi\u00e7\u00f5es f\u00edsicas ou de vestu\u00e1rio, n\u00e3o ser\u00e3o aceitas reclama\u00e7\u00f5es ou solicita\u00e7\u00f5es de reembolso.<\/b><\/li>\n<\/ul>\n<ul>\n<li style=\"font-weight: 400;\" aria-level=\"1\"><b>Pol\u00edticas de cancelamento e modifica\u00e7\u00e3o:<\/b><span style=\"font-weight: 400;\"> leia-os atentamente ao fazer o login <strong><a href=\"https:\/\/insighttravel.com.ar\/wp-content\/uploads\/2025\/09\/Politicas-de-Cancelacion-y-Modificacion-Cancelation-and-Modification-Policies-Estancia-Cristina_compressed-1.pdf\" target=\"_blank\" rel=\"noopener\">aqui<\/a>.<\/strong><\/span><\/li>\n<li style=\"font-weight: 400;\" aria-level=\"1\"><span style=\"font-weight: 400;\">Consulte-nos para saber os hor\u00e1rios exatos de partida e as tarifas atualizadas.<\/span><\/li>\n<li style=\"font-weight: 400;\" aria-level=\"1\"><span style=\"font-weight: 400;\">Use roupas quentes em camadas, luvas, chap\u00e9u, protetor solar e cal\u00e7ados antiderrapantes para trekking.<\/span><\/li>\n<li style=\"font-weight: 400;\" aria-level=\"1\"><span style=\"font-weight: 400;\">O valor expresso corresponde \u00e0 excurs\u00e3o com traslado inclu\u00eddo no servi\u00e7o regular. Se desejar um traslado particular, entre em contato conosco para obter uma cota\u00e7\u00e3o.<\/span><\/li>\n<\/ul>\n<h4 style=\"text-align: center;\"><\/h4>\n<p>&nbsp;<\/p>\n<p><span style=\"font-weight: 400;\">\ud83d\udcb3 <\/span><b>Termos e meios de pagamento<\/b><\/p>\n<p><span style=\"font-weight: 400;\">Todas as reservas devem ser pagas por transfer\u00eancia banc\u00e1ria, dep\u00f3sito banc\u00e1rio, cart\u00e3o de cr\u00e9dito ou d\u00e9bito. Os pagamentos com cart\u00e3o de cr\u00e9dito e d\u00e9bito incorrer\u00e3o em uma sobretaxa de 7%. <\/span><span style=\"font-weight: 400;\">Somente a reserva \u00e9 feita com o 100% do pagamento.<\/span><\/p>\n<h4 style=\"text-align: center;\"><\/h4>","protected":false},"excerpt":{"rendered":"<p>Cabalgata Glaciares y Valle del R\u00edo Caterina Viv\u00ed una experiencia \u00fanica combinando navegaci\u00f3n entre t\u00e9mpanos y cabalgata por valles y monta\u00f1as, disfrutando de paisajes glaciares virgenes en la Patagonia. &nbsp; \ud83d\udccd Itinerario detallado. Los horarios indicados quedan sujetos a modificaciones y variaciones. 07:30 hs | Pick up en tu alojamiento. Traslado desde El Calafate hasta [&hellip;]<\/p>\n","protected":false},"featured_media":4727,"comment_status":"open","ping_status":"closed","template":"","meta":[],"product_brand":[],"product_cat":[23],"product_tag":[],"destinos":[41],"tipo-de-actividad":[93,95],"temporadas":[47],"class_list":{"0":"post-2736","1":"product","2":"type-product","3":"status-publish","4":"has-post-thumbnail","6":"product_cat-sin-categorizar","7":"destinos-el-calafate","8":"tipo-de-actividad-4x4-cabalgatas","9":"tipo-de-actividad-estancias","10":"temporadas-primavera","12":"first","13":"instock","14":"sold-individually","15":"shipping-taxable","16":"purchasable","17":"product-type-booking"},"booking_location":"","booking_location_type":"","booking_duration":1,"booking_duration_unit":"day","booking_buffer":0,"booking_cost":0,"booking_resources":[],"_links":{"self":[{"href":"https:\/\/insighttravel.com.ar\/pt\/wp-json\/wp\/v2\/product\/2736","targetHints":{"allow":["GET"]}}],"collection":[{"href":"https:\/\/insighttravel.com.ar\/pt\/wp-json\/wp\/v2\/product"}],"about":[{"href":"https:\/\/insighttravel.com.ar\/pt\/wp-json\/wp\/v2\/types\/product"}],"replies":[{"embeddable":true,"href":"https:\/\/insighttravel.com.ar\/pt\/wp-json\/wp\/v2\/comments?post=2736"}],"wp:featuredmedia":[{"embeddable":true,"href":"https:\/\/insighttravel.com.ar\/pt\/wp-json\/wp\/v2\/media\/4727"}],"wp:attachment":[{"href":"https:\/\/insighttravel.com.ar\/pt\/wp-json\/wp\/v2\/media?parent=2736"}],"wp:term":[{"taxonomy":"product_brand","embeddable":true,"href":"https:\/\/insighttravel.com.ar\/pt\/wp-json\/wp\/v2\/product_brand?post=2736"},{"taxonomy":"product_cat","embeddable":true,"href":"https:\/\/insighttravel.com.ar\/pt\/wp-json\/wp\/v2\/product_cat?post=2736"},{"taxonomy":"product_tag","embeddable":true,"href":"https:\/\/insighttravel.com.ar\/pt\/wp-json\/wp\/v2\/product_tag?post=2736"},{"taxonomy":"destinos","embeddable":true,"href":"https:\/\/insighttravel.com.ar\/pt\/wp-json\/wp\/v2\/destinos?post=2736"},{"taxonomy":"tipo-de-actividad","embeddable":true,"href":"https:\/\/insighttravel.com.ar\/pt\/wp-json\/wp\/v2\/tipo-de-actividad?post=2736"},{"taxonomy":"temporadas","embeddable":true,"href":"https:\/\/insighttravel.com.ar\/pt\/wp-json\/wp\/v2\/temporadas?post=2736"}],"curies":[{"name":"wp","href":"https:\/\/api.w.org\/{rel}","templated":true}]}}