{"id":3004,"date":"2025-10-23T18:19:21","date_gmt":"2025-10-23T21:19:21","guid":{"rendered":"https:\/\/insighttravel.com.ar\/?post_type=product&#038;p=3004"},"modified":"2026-02-09T10:55:12","modified_gmt":"2026-02-09T13:55:12","slug":"caiaque-trekking-la-leona","status":"publish","type":"product","link":"https:\/\/insighttravel.com.ar\/pt\/producto\/kayak-trekking-la-leona\/","title":{"rendered":"Caiaque e trekking - Rio La Leona"},"content":{"rendered":"<h3 style=\"text-align: center;\"><strong>Descobrindo o rio La Leona na estepe patag\u00f4nica<\/strong><\/h3>\n<p style=\"text-align: center;\"><span style=\"font-weight: 400;\">Viva uma aventura \u00fanica em um dos mais belos rios da estepe patag\u00f4nica em caiaques, combinando navega\u00e7\u00e3o, trekking e paisagens incr\u00edveis.<\/span><\/p>\n<h4 style=\"text-align: center;\"><\/h4>\n<p>&nbsp;<\/p>\n<p><b>Itiner\u00e1rio detalhado. <\/b><span style=\"font-weight: 400;\">Os hor\u00e1rios indicados est\u00e3o sujeitos a altera\u00e7\u00f5es e varia\u00e7\u00f5es.<\/span><\/p>\n<p><b>07:30 hs. Recep\u00e7\u00e3o em sua acomoda\u00e7\u00e3o. <\/b><span style=\"font-weight: 400;\">Traslado de El Calafate para o Parador Luz Divina pela Rota 40.<\/span><\/p>\n<p><b>09:30 hs: Prepara\u00e7\u00e3o e entrega do equipamento. <\/b><span style=\"font-weight: 400;\">Recebi instru\u00e7\u00f5es de seguran\u00e7a, equipamentos t\u00e9cnicos e uma bolsa estanque para meus pertences e alimentos.<\/span><\/p>\n<p><b>10:00 hs: Primeiro passeio de caiaque. <\/b><span style=\"font-weight: 400;\">Um passeio de 10 km, 1 hora e 15 minutos ao longo do rio La Leona.<\/span><\/p>\n<p><b>11:20 hs: Almo\u00e7o e caminhada.<\/b><span style=\"font-weight: 400;\"> Na \u00e1rea do Cerro Fortaleza (Estancia La Meseta), voc\u00ea almo\u00e7ar\u00e1 e far\u00e1 uma caminhada de cerca de 2 horas pelo Cerro Los Hornos at\u00e9 um mirante onde \u00e9 poss\u00edvel ver ossos e troncos petrificados.<\/span><\/p>\n<p><b>13:20 hs: Segunda etapa de caiaque.<\/b><span style=\"font-weight: 400;\"> \u00daltima etapa de 6 km em caiaque, contemplando forma\u00e7\u00f5es geol\u00f3gicas e vegeta\u00e7\u00e3o de estepe at\u00e9 o c\u00f3rrego El Turbio, onde o ve\u00edculo estar\u00e1 esperando por voc\u00ea para retornar a El Calafate.<\/span><\/p>\n<p><b>16:30 hs: Chegada a El Calafate.<\/b><\/p>\n<h4 style=\"text-align: center;\"><\/h4>\n<p>&nbsp;<\/p>\n<p><b>\u2705 Inclui<\/b><\/p>\n<ul>\n<li style=\"font-weight: 400;\" aria-level=\"1\"><span style=\"font-weight: 400;\">Traslado de ida e volta para sua acomoda\u00e7\u00e3o em El Calafate.<\/span><\/li>\n<li style=\"font-weight: 400;\" aria-level=\"1\"><span style=\"font-weight: 400;\">Guia profissional bil\u00edngue (espanhol\/ingl\u00eas).<\/span><\/li>\n<li style=\"font-weight: 400;\" aria-level=\"1\"><span style=\"font-weight: 400;\">Equipamento t\u00e9cnico e bolsa estanque para seus pertences.<\/span><\/li>\n<li style=\"font-weight: 400;\" aria-level=\"1\"><span style=\"font-weight: 400;\">Cruzando o lanche.<\/span><\/li>\n<\/ul>\n<h4 style=\"text-align: center;\"><\/h4>\n<p><b>N\u00e3o inclui<\/b><\/p>\n<ul>\n<li aria-level=\"1\">Almo\u00e7o.<\/li>\n<li style=\"font-weight: 400;\" aria-level=\"1\"><span style=\"font-weight: 400;\">Outros consumos fora do programa.<\/span><\/li>\n<\/ul>\n<h4 style=\"text-align: center;\"><\/h4>\n<p>&nbsp;<\/p>\n<p><b>Informa\u00e7\u00f5es importantes<\/b><\/p>\n<ul>\n<li style=\"font-weight: 400;\" aria-level=\"1\"><b>Idade permitida: a partir de 10 anos. PROIBIDO para gestantes e pessoas com mobilidade reduzida. <\/b><span style=\"font-weight: 400;\">\u00a0<\/span><\/li>\n<li style=\"font-weight: 400;\" aria-level=\"1\"><b>Pol\u00edticas de cancelamento e modifica\u00e7\u00e3o:<\/b><span style=\"font-weight: 400;\"> leia-os atentamente ao fazer o login <strong><a href=\"https:\/\/insighttravel.com.ar\/wp-content\/uploads\/2025\/09\/Politicas-de-Cancelacion-y-Modificacion-Cancelation-and-Modification-Policies_compressed-1.pdf\" target=\"_blank\" rel=\"noopener\">aqui.<\/a><\/strong>\u00a0<\/span><\/li>\n<li><span style=\"font-weight: 400;\">Use meias-cal\u00e7as ou shorts e uma camiseta de manga comprida (para usar sob a roupa de mergulho) e roupas e cal\u00e7ados confort\u00e1veis para caminhar.<\/span><\/li>\n<li style=\"font-weight: 400;\" aria-level=\"1\"><span style=\"font-weight: 400;\">Consulte-nos para saber os hor\u00e1rios exatos de partida e as tarifas atualizadas.<\/span><\/li>\n<\/ul>\n<h4 style=\"text-align: center;\"><\/h4>\n<p>&nbsp;<\/p>\n<p><b>Termos e meios de pagamento<\/b><\/p>\n<p><span style=\"font-weight: 400;\">Todas as reservas devem ser pagas por transfer\u00eancia banc\u00e1ria, dep\u00f3sito banc\u00e1rio, cart\u00e3o de cr\u00e9dito ou d\u00e9bito. Os pagamentos com cart\u00e3o de cr\u00e9dito e d\u00e9bito incorrer\u00e3o em uma sobretaxa de 7%. <\/span><span style=\"font-weight: 400;\">Somente a reserva \u00e9 feita com o 100% do pagamento.<\/span><\/p>","protected":false},"excerpt":{"rendered":"<p>Descubr\u00ed el r\u00edo La Leona en la Estepa Patag\u00f3nica Viv\u00ed una aventura \u00fanica recorriendo uno de los r\u00edos m\u00e1s lindos de la estepa patag\u00f3nica en kayaks, combinando navegaci\u00f3n, trekking y paisajes sorprendentes. &nbsp; \ud83d\udccd Itinerario detallado. Los horarios indicados quedan sujetos a modificaciones y variaciones. 07:30 hs | Pick up en tu alojamiento. Traslado desde [&hellip;]<\/p>\n","protected":false},"featured_media":4797,"comment_status":"open","ping_status":"closed","template":"","meta":[],"product_brand":[],"product_cat":[66,23],"product_tag":[],"destinos":[43],"tipo-de-actividad":[96,94],"temporadas":[47],"class_list":{"0":"post-3004","1":"product","2":"type-product","3":"status-publish","4":"has-post-thumbnail","6":"product_cat-nao-categorizado","7":"product_cat-sin-categorizar","8":"destinos-el-chalten","9":"tipo-de-actividad-navegacion-kayak","10":"tipo-de-actividad-aventura-trekking","11":"temporadas-primavera","13":"first","14":"instock","15":"virtual","16":"sold-individually","17":"purchasable","18":"product-type-booking"},"booking_location":"","booking_location_type":"","booking_duration":1,"booking_duration_unit":"day","booking_buffer":0,"booking_cost":0,"booking_resources":[],"_links":{"self":[{"href":"https:\/\/insighttravel.com.ar\/pt\/wp-json\/wp\/v2\/product\/3004","targetHints":{"allow":["GET"]}}],"collection":[{"href":"https:\/\/insighttravel.com.ar\/pt\/wp-json\/wp\/v2\/product"}],"about":[{"href":"https:\/\/insighttravel.com.ar\/pt\/wp-json\/wp\/v2\/types\/product"}],"replies":[{"embeddable":true,"href":"https:\/\/insighttravel.com.ar\/pt\/wp-json\/wp\/v2\/comments?post=3004"}],"wp:featuredmedia":[{"embeddable":true,"href":"https:\/\/insighttravel.com.ar\/pt\/wp-json\/wp\/v2\/media\/4797"}],"wp:attachment":[{"href":"https:\/\/insighttravel.com.ar\/pt\/wp-json\/wp\/v2\/media?parent=3004"}],"wp:term":[{"taxonomy":"product_brand","embeddable":true,"href":"https:\/\/insighttravel.com.ar\/pt\/wp-json\/wp\/v2\/product_brand?post=3004"},{"taxonomy":"product_cat","embeddable":true,"href":"https:\/\/insighttravel.com.ar\/pt\/wp-json\/wp\/v2\/product_cat?post=3004"},{"taxonomy":"product_tag","embeddable":true,"href":"https:\/\/insighttravel.com.ar\/pt\/wp-json\/wp\/v2\/product_tag?post=3004"},{"taxonomy":"destinos","embeddable":true,"href":"https:\/\/insighttravel.com.ar\/pt\/wp-json\/wp\/v2\/destinos?post=3004"},{"taxonomy":"tipo-de-actividad","embeddable":true,"href":"https:\/\/insighttravel.com.ar\/pt\/wp-json\/wp\/v2\/tipo-de-actividad?post=3004"},{"taxonomy":"temporadas","embeddable":true,"href":"https:\/\/insighttravel.com.ar\/pt\/wp-json\/wp\/v2\/temporadas?post=3004"}],"curies":[{"name":"wp","href":"https:\/\/api.w.org\/{rel}","templated":true}]}}