{"id":3050,"date":"2025-10-23T18:21:58","date_gmt":"2025-10-23T21:21:58","guid":{"rendered":"https:\/\/insighttravel.com.ar\/?post_type=product&#038;p=3050"},"modified":"2026-03-16T11:29:01","modified_gmt":"2026-03-16T14:29:01","slug":"a-experiencia-da-varanda-de-calafate","status":"publish","type":"product","link":"https:\/\/insighttravel.com.ar\/pt\/producto\/el-calafate-balcon-experience\/","title":{"rendered":"El Calafate - Experi\u00eancia Balc\u00f3n"},"content":{"rendered":"<h3 style=\"text-align: center;\"><strong>Passeio pelo Cerro Huiliche em ve\u00edculos todo-o-terreno<\/strong><\/h3>\n<p style=\"text-align: center;\"><span style=\"font-weight: 400;\">Experimente uma aventura em um ve\u00edculo 4\u00d74 no Cerro Huiliche e desfrute de vistas panor\u00e2micas \u00fanicas de El Calafate, do Lago Argentino e da Cordilheira dos Andes. Explore paisagens antigas e descubra forma\u00e7\u00f5es geol\u00f3gicas que contam a hist\u00f3ria da Patag\u00f4nia.<\/span><\/p>\n<p>&nbsp;<\/p>\n<p><b>Itiner\u00e1rio detalhado. <\/b><span style=\"font-weight: 400;\">Os hor\u00e1rios indicados est\u00e3o sujeitos a altera\u00e7\u00f5es e varia\u00e7\u00f5es.<\/span><\/p>\n<p><b>| Recep\u00e7\u00e3o em sua acomoda\u00e7\u00e3o. <\/b><span style=\"font-weight: 400;\">Traslado de El Calafate para Cerro Huiliche para iniciar a caminhada de 35 km pelas colinas atr\u00e1s do vilarejo.<\/span><\/p>\n<p><b>| Ponto de vista natural a 1.050 metros acima do n\u00edvel do mar. <\/b><span style=\"font-weight: 400;\">Primeira parada para apreciar a vista panor\u00e2mica de El Calafate e do corpo central do Lago Argentino, com a Cordilheira dos Andes ao fundo. Em dias claros, \u00e9 poss\u00edvel ver Fitz Roy, Torre e a \u00e1rea de acumula\u00e7\u00e3o das geleiras. \u00c9 poss\u00edvel avistar condores sobrevoando a \u00e1rea.<\/span><\/p>\n<p><b>| Labirinto de Pedra.<\/b><span style=\"font-weight: 400;\"> Explora\u00e7\u00e3o de forma\u00e7\u00f5es do per\u00edodo Cret\u00e1ceo com 85 milh\u00f5es de anos, anteriormente um leito de rio, com f\u00f3sseis vis\u00edveis de um passado milenar.<\/span><\/p>\n<p><b>| Retorno a El Calafate. <\/b><span style=\"font-weight: 400;\">Traslado de volta \u00e0 acomoda\u00e7\u00e3o, encerrando a atividade.<\/span><\/p>\n<p>&nbsp;<\/p>\n<p><b>\u2705 Inclui<\/b><\/p>\n<ul>\n<li style=\"font-weight: 400;\" aria-level=\"1\"><span style=\"font-weight: 400;\">Traslado de ida e volta para sua acomoda\u00e7\u00e3o em El Calafate.<\/span><\/li>\n<li style=\"font-weight: 400;\" aria-level=\"1\"><span style=\"font-weight: 400;\">Almo\u00e7o ou jantar de acordo com o hor\u00e1rio escolhido.\u00a0<\/span><\/li>\n<\/ul>\n<p>&nbsp;<\/p>\n<p><b>N\u00e3o inclui<\/b><\/p>\n<ul>\n<li style=\"font-weight: 400;\" aria-level=\"1\"><span style=\"font-weight: 400;\">Outros consumos fora do programa.<\/span><\/li>\n<li style=\"font-weight: 400;\" aria-level=\"1\"><span style=\"font-weight: 400;\">Com reserva pr\u00e9via, voc\u00ea pode adicionar um passeio de quadriciclo de 30 minutos a partir do ref\u00fagio no topo do Cerro Huyliche. Voc\u00ea percorrer\u00e1 8 km entre forma\u00e7\u00f5es antigas e paisagens \u00fanicas e, em seguida, voltar\u00e1 aos ve\u00edculos 4\u00d74 e descer\u00e1 para El Calafate.<\/span><\/li>\n<\/ul>\n<p>&nbsp;<\/p>\n<p><b>Informa\u00e7\u00f5es importantes<\/b><\/p>\n<ul>\n<li style=\"font-weight: 400;\" aria-level=\"1\"><span style=\"font-weight: 400;\">Sa\u00eddas pela manh\u00e3 e \u00e0 tarde. Dura\u00e7\u00e3o total: 03:30 hs. Consulte-nos para saber os hor\u00e1rios exatos de partida e as tarifas atualizadas.<\/span><\/li>\n<li style=\"font-weight: 400;\" aria-level=\"1\"><b>Pol\u00edticas de cancelamento e modifica\u00e7\u00e3o:<\/b><span style=\"font-weight: 400;\"> leia-os atentamente ao fazer o login <strong><a href=\"https:\/\/insighttravel.com.ar\/wp-content\/uploads\/2025\/09\/Politicas-de-Cancelacion-y-Modificacion-Cancelation-and-Modification-Policies_compressed-1.pdf\" target=\"_blank\" rel=\"noopener\">aqui.<\/a><\/strong><\/span><\/li>\n<li style=\"font-weight: 400;\" aria-level=\"1\"><span style=\"font-weight: 400;\">Use roupas quentes em camadas, luvas, chap\u00e9u, protetor solar e cal\u00e7ados antiderrapantes para trekking.<\/span><\/li>\n<\/ul>\n<p>&nbsp;<\/p>\n<p><b>Termos e meios de pagamento<\/b><\/p>\n<p><span style=\"font-weight: 400;\">Todas as reservas devem ser pagas por transfer\u00eancia banc\u00e1ria, dep\u00f3sito banc\u00e1rio, cart\u00e3o de cr\u00e9dito ou d\u00e9bito. Os pagamentos com cart\u00e3o de cr\u00e9dito e d\u00e9bito incorrer\u00e3o em uma sobretaxa de 7%. <\/span><span style=\"font-weight: 400;\">Somente a reserva \u00e9 feita com o 100% do pagamento.<\/span><\/p>\n<p style=\"text-align: center;\">","protected":false},"excerpt":{"rendered":"<h4 style=\"text-align: center;\"><span style=\"font-weight: 400;\">Chegar ao p\u00e9 do Cerro Chalten<\/span><\/h4>","protected":false},"featured_media":4915,"comment_status":"open","ping_status":"closed","template":"","meta":[],"product_brand":[],"product_cat":[23],"product_tag":[],"destinos":[41],"tipo-de-actividad":[93],"temporadas":[48],"class_list":{"0":"post-3050","1":"product","2":"type-product","3":"status-publish","4":"has-post-thumbnail","6":"product_cat-sin-categorizar","7":"destinos-el-calafate","8":"tipo-de-actividad-4x4-cabalgatas","9":"temporadas-todo-el-ano","11":"first","12":"instock","13":"virtual","14":"sold-individually","15":"purchasable","16":"product-type-booking"},"booking_location":"","booking_location_type":"","booking_duration":1,"booking_duration_unit":"day","booking_buffer":0,"booking_cost":0,"booking_resources":[],"_links":{"self":[{"href":"https:\/\/insighttravel.com.ar\/pt\/wp-json\/wp\/v2\/product\/3050","targetHints":{"allow":["GET"]}}],"collection":[{"href":"https:\/\/insighttravel.com.ar\/pt\/wp-json\/wp\/v2\/product"}],"about":[{"href":"https:\/\/insighttravel.com.ar\/pt\/wp-json\/wp\/v2\/types\/product"}],"replies":[{"embeddable":true,"href":"https:\/\/insighttravel.com.ar\/pt\/wp-json\/wp\/v2\/comments?post=3050"}],"wp:featuredmedia":[{"embeddable":true,"href":"https:\/\/insighttravel.com.ar\/pt\/wp-json\/wp\/v2\/media\/4915"}],"wp:attachment":[{"href":"https:\/\/insighttravel.com.ar\/pt\/wp-json\/wp\/v2\/media?parent=3050"}],"wp:term":[{"taxonomy":"product_brand","embeddable":true,"href":"https:\/\/insighttravel.com.ar\/pt\/wp-json\/wp\/v2\/product_brand?post=3050"},{"taxonomy":"product_cat","embeddable":true,"href":"https:\/\/insighttravel.com.ar\/pt\/wp-json\/wp\/v2\/product_cat?post=3050"},{"taxonomy":"product_tag","embeddable":true,"href":"https:\/\/insighttravel.com.ar\/pt\/wp-json\/wp\/v2\/product_tag?post=3050"},{"taxonomy":"destinos","embeddable":true,"href":"https:\/\/insighttravel.com.ar\/pt\/wp-json\/wp\/v2\/destinos?post=3050"},{"taxonomy":"tipo-de-actividad","embeddable":true,"href":"https:\/\/insighttravel.com.ar\/pt\/wp-json\/wp\/v2\/tipo-de-actividad?post=3050"},{"taxonomy":"temporadas","embeddable":true,"href":"https:\/\/insighttravel.com.ar\/pt\/wp-json\/wp\/v2\/temporadas?post=3050"}],"curies":[{"name":"wp","href":"https:\/\/api.w.org\/{rel}","templated":true}]}}