{"id":3295,"date":"2025-10-23T18:14:01","date_gmt":"2025-10-23T21:14:01","guid":{"rendered":"https:\/\/insighttravel.com.ar\/producto\/estancia-cristina-trekking\/"},"modified":"2026-03-16T10:43:20","modified_gmt":"2026-03-16T13:43:20","slug":"estancia-cristina-trekking","status":"publish","type":"product","link":"https:\/\/insighttravel.com.ar\/pt\/producto\/estancia-cristina-trekking\/","title":{"rendered":"Estancia Cristina - Trekking"},"content":{"rendered":"<h3 style=\"text-align: center;\"><strong>Trekking em Upsala + 4\u00d74<\/strong><\/h3>\n<p style=\"text-align: center;\"><span style=\"font-weight: 400;\">Experimente a combina\u00e7\u00e3o perfeita de navega\u00e7\u00e3o, trekking e tra\u00e7\u00e3o nas quatro rodas para apreciar a majestosa geleira Upsala a partir de perspectivas \u00fanicas.<\/span><\/p>\n<p>&nbsp;<\/p>\n<p><b>Itiner\u00e1rio detalhado. <\/b><span style=\"font-weight: 400;\">Os hor\u00e1rios indicados est\u00e3o sujeitos a altera\u00e7\u00f5es e varia\u00e7\u00f5es.<\/span><\/p>\n<p><b>07:30 hs. Recep\u00e7\u00e3o em sua acomoda\u00e7\u00e3o. <\/b><span style=\"font-weight: 400;\">Traslado de El Calafate para o porto de Punta Bandera.<\/span><\/p>\n<p><b>09:00 hs: Navega\u00e7\u00e3o pelo bra\u00e7o norte do Lago Argentino. <\/b><span style=\"font-weight: 400;\">Em dire\u00e7\u00e3o ao Canal Upsala, navegando entre icebergs que se desprendem da geleira. Acesso ao Canal Cristina para desembarcar na Est\u00e2ncia.<\/span><\/p>\n<p><b>11h30: Chegada \u00e0 Est\u00e2ncia e in\u00edcio da Expedi\u00e7\u00e3o em um ve\u00edculo 4\u00d74. <\/b><span style=\"font-weight: 400;\">Subida em um ve\u00edculo 4\u00d74 at\u00e9 o Cerro Feruglio por estradas de montanha at\u00e9 o \u00fanico ponto de vista terrestre da Geleira Upsala.<\/span><\/p>\n<p><span style=\"font-weight: 400;\">Comece a caminhada por um c\u00e2nion, observando f\u00f3sseis marinhos expostos pela eros\u00e3o glacial.<\/span><\/p>\n<p><b>| Almo\u00e7o na expedi\u00e7\u00e3o.<\/b><span style=\"font-weight: 400;\"> Aproveite para almo\u00e7ar durante a travessia.<\/span><\/p>\n<p><b>17:30 hs: Retorno \u00e0 Est\u00e2ncia e navega\u00e7\u00e3o de volta.<\/b><span style=\"font-weight: 400;\"> Retorno de barco a Puerto Punta Bandera e traslado de volta a El Calafate.<\/span><\/p>\n<p><b>19:30 hs: Chegada em El Calafate.<\/b><\/p>\n<p>&nbsp;<\/p>\n<p><span style=\"font-weight: 400;\">\u2705 <\/span><b>Inclui<\/b><\/p>\n<ul>\n<li style=\"font-weight: 400;\" aria-level=\"1\"><span style=\"font-weight: 400;\">Traslados de e para sua acomoda\u00e7\u00e3o em El Calafate.<\/span><\/li>\n<li style=\"font-weight: 400;\" aria-level=\"1\"><span style=\"font-weight: 400;\">Guia profissional bil\u00edngue (espanhol\/ingl\u00eas).<\/span><\/li>\n<li style=\"font-weight: 400;\" aria-level=\"1\"><span style=\"font-weight: 400;\">Vianda.<\/span><\/li>\n<\/ul>\n<p>&nbsp;<\/p>\n<p><span style=\"font-weight: 400;\">\u274c <\/span><b>N\u00e3o inclui<\/b><\/p>\n<ul>\n<li style=\"font-weight: 400;\" aria-level=\"1\"><span style=\"font-weight: 400;\">Entrada para o Parque Nacional Los Glaciares (obrigat\u00f3ria).<\/span><\/li>\n<li style=\"font-weight: 400;\" aria-level=\"1\"><span style=\"font-weight: 400;\">Outros consumos fora do programa.<\/span><\/li>\n<\/ul>\n<p>&nbsp;<\/p>\n<p><b>Informa\u00e7\u00f5es importantes<\/b><\/p>\n<ul>\n<li style=\"font-weight: 400;\" aria-level=\"1\"><b>Idade permitida: 12 anos ou mais\u00a0<\/b><\/li>\n<li style=\"font-weight: 400;\" aria-level=\"1\"><b>Somente para pessoas em \u00f3timas condi\u00e7\u00f5es f\u00edsicas (n\u00e3o recomendado para pessoas com dores nas costas, quadris, tornozelos ou joelhos) e com roupas apropriadas. Se o guia determinar que uma pessoa n\u00e3o est\u00e1 qualificada para a atividade devido a condi\u00e7\u00f5es f\u00edsicas ou de vestu\u00e1rio, n\u00e3o ser\u00e3o aceitas reclama\u00e7\u00f5es ou solicita\u00e7\u00f5es de reembolso.<\/b><\/li>\n<li style=\"font-weight: 400;\" aria-level=\"1\"><b>Pol\u00edticas de cancelamento e modifica\u00e7\u00e3o:<\/b><span style=\"font-weight: 400;\"> leia-os atentamente ao fazer o login<\/span><strong><a href=\"https:\/\/insighttravel.com.ar\/wp-content\/uploads\/2025\/09\/Politicas-de-Cancelacion-y-Modificacion-Cancelation-and-Modification-Policies-Estancia-Cristina_compressed-1.pdf\" target=\"_blank\" rel=\"noopener\"> aqui.<\/a><\/strong><\/li>\n<li style=\"font-weight: 400;\" aria-level=\"1\"><span style=\"font-weight: 400;\">Consulte-nos para saber os hor\u00e1rios exatos de partida e as tarifas atualizadas.<\/span><\/li>\n<li style=\"font-weight: 400;\" aria-level=\"1\"><span style=\"font-weight: 400;\">Use roupas quentes em camadas, luvas, chap\u00e9u, protetor solar e cal\u00e7ados antiderrapantes para trekking.<\/span><\/li>\n<li style=\"font-weight: 400;\" aria-level=\"1\"><span style=\"font-weight: 400;\">O valor expresso corresponde \u00e0 excurs\u00e3o com traslado inclu\u00eddo no servi\u00e7o regular. Se desejar um traslado particular, entre em contato conosco para obter uma cota\u00e7\u00e3o.<\/span><\/li>\n<\/ul>\n<p>&nbsp;<\/p>\n<p><span style=\"font-weight: 400;\">\ud83d\udcb3 <\/span><b>Termos e meios de pagamento<\/b><\/p>\n<p><span style=\"font-weight: 400;\">Todas as reservas devem ser pagas por transfer\u00eancia banc\u00e1ria, dep\u00f3sito banc\u00e1rio, cart\u00e3o de cr\u00e9dito ou d\u00e9bito. Os pagamentos com cart\u00e3o de cr\u00e9dito e d\u00e9bito incorrer\u00e3o em uma sobretaxa de 7%. <\/span><span style=\"font-weight: 400;\">Somente a reserva \u00e9 feita com o 100% do pagamento.<\/span><\/p>","protected":false},"excerpt":{"rendered":"<p>Trekking Upsala + 4\u00d74 Experiment\u00e1 la combinaci\u00f3n perfecta de navegaci\u00f3n, trekking y 4\u00d74 para disfrutar del majestuoso Glaciar Upsala desde perspectivas \u00fanicas. &nbsp; \ud83d\udccd Itinerario detallado. Los horarios indicados quedan sujetos a modificaciones y variaciones. 07:30 hs | Pick up en tu alojamiento. Traslado desde El Calafate hacia el Puerto Punta Bandera. 09:00 hs | [&hellip;]<\/p>\n","protected":false},"featured_media":4724,"comment_status":"open","ping_status":"closed","template":"","meta":[],"product_brand":[],"product_cat":[67],"product_tag":[],"destinos":[41],"tipo-de-actividad":[95,94],"temporadas":[47],"class_list":{"0":"post-3295","1":"product","2":"type-product","3":"status-publish","4":"has-post-thumbnail","6":"product_cat-uncategorized","7":"destinos-el-calafate","8":"tipo-de-actividad-estancias","9":"tipo-de-actividad-aventura-trekking","10":"temporadas-primavera","12":"first","13":"instock","14":"featured","15":"sold-individually","16":"shipping-taxable","17":"purchasable","18":"product-type-booking"},"booking_location":"","booking_location_type":"","booking_duration":1,"booking_duration_unit":"day","booking_buffer":0,"booking_cost":0,"booking_resources":[],"_links":{"self":[{"href":"https:\/\/insighttravel.com.ar\/pt\/wp-json\/wp\/v2\/product\/3295","targetHints":{"allow":["GET"]}}],"collection":[{"href":"https:\/\/insighttravel.com.ar\/pt\/wp-json\/wp\/v2\/product"}],"about":[{"href":"https:\/\/insighttravel.com.ar\/pt\/wp-json\/wp\/v2\/types\/product"}],"replies":[{"embeddable":true,"href":"https:\/\/insighttravel.com.ar\/pt\/wp-json\/wp\/v2\/comments?post=3295"}],"wp:featuredmedia":[{"embeddable":true,"href":"https:\/\/insighttravel.com.ar\/pt\/wp-json\/wp\/v2\/media\/4724"}],"wp:attachment":[{"href":"https:\/\/insighttravel.com.ar\/pt\/wp-json\/wp\/v2\/media?parent=3295"}],"wp:term":[{"taxonomy":"product_brand","embeddable":true,"href":"https:\/\/insighttravel.com.ar\/pt\/wp-json\/wp\/v2\/product_brand?post=3295"},{"taxonomy":"product_cat","embeddable":true,"href":"https:\/\/insighttravel.com.ar\/pt\/wp-json\/wp\/v2\/product_cat?post=3295"},{"taxonomy":"product_tag","embeddable":true,"href":"https:\/\/insighttravel.com.ar\/pt\/wp-json\/wp\/v2\/product_tag?post=3295"},{"taxonomy":"destinos","embeddable":true,"href":"https:\/\/insighttravel.com.ar\/pt\/wp-json\/wp\/v2\/destinos?post=3295"},{"taxonomy":"tipo-de-actividad","embeddable":true,"href":"https:\/\/insighttravel.com.ar\/pt\/wp-json\/wp\/v2\/tipo-de-actividad?post=3295"},{"taxonomy":"temporadas","embeddable":true,"href":"https:\/\/insighttravel.com.ar\/pt\/wp-json\/wp\/v2\/temporadas?post=3295"}],"curies":[{"name":"wp","href":"https:\/\/api.w.org\/{rel}","templated":true}]}}