{"id":4614,"date":"2025-10-23T18:32:56","date_gmt":"2025-10-23T21:32:56","guid":{"rendered":"https:\/\/insighttravel.com.ar\/?post_type=product&#038;p=4614"},"modified":"2026-04-07T16:55:34","modified_gmt":"2026-04-07T19:55:34","slug":"aventura-no-paine-dia-inteiro","status":"publish","type":"product","link":"https:\/\/insighttravel.com.ar\/pt\/producto\/paine-adventure-full-day\/","title":{"rendered":"Aventura no Paine - Dia inteiro"},"content":{"rendered":"<h3 style=\"text-align: center;\"><strong>Experimente a aventura de explorar o Parque Nacional Torres del Paine<\/strong><\/h3>\n<p style=\"text-align: center;\"><span style=\"font-weight: 400;\">Embarque em uma experi\u00eancia inesquec\u00edvel com o tour Paine Adventure, que o levar\u00e1 de El Calafate ao majestoso Parque Nacional Torres del Paine (Chile).<\/span><\/p>\n<p style=\"text-align: center;\"><span style=\"font-weight: 400;\">Voc\u00ea seguir\u00e1 um circuito circular especialmente projetado para ve\u00edculos, que lhe permite descobrir paisagens \u00fanicas sem repetir a mesma rota, com mirantes panor\u00e2micos, caminhadas curtas e a imponente beleza patag\u00f4nica.<\/span><\/p>\n<p>&nbsp;<\/p>\n<p><span style=\"font-weight: 400;\">\ud83d\udccd<\/span><b> Itiner\u00e1rio detalhado.<\/b><span style=\"font-weight: 400;\"> Os hor\u00e1rios indicados est\u00e3o sujeitos a altera\u00e7\u00f5es e varia\u00e7\u00f5es.<\/span><\/p>\n<p><strong>06:30 hs. Recep\u00e7\u00e3o em sua acomoda\u00e7\u00e3o.<\/strong> <span style=\"font-weight: 400;\">Partida de El Calafate para a travessia da fronteira internacional Paso Fronterizo R\u00edo Don Guillermo, para cumprir as formalidades de imigra\u00e7\u00e3o.\u00a0<\/span><\/p>\n<p><strong>11:15 hs: Parada na Cafeteria el Ovejero.<\/strong><\/p>\n<p><b>| Entrada no Chile e primeiro ponto de vista. <\/b><span style=\"font-weight: 400;\">Depois de cruzar a fronteira, voc\u00ea far\u00e1 uma breve parada no mirante Grey, com vista para o Lago Toro e o Maci\u00e7o Paine ao fundo.<\/span><\/p>\n<p><b>| Entrada para o Parque Nacional Torres del Paine (Porter\u00eda R\u00edo Serrano).<\/b><span style=\"font-weight: 400;\"> Apresenta\u00e7\u00e3o da entrada e acesso \u00e0s instala\u00e7\u00f5es sanit\u00e1rias.<\/span><\/p>\n<p><b>| Um passeio pelos principais pontos de vista do parque. <\/b><span style=\"font-weight: 400;\">Visita aos mirantes Puente Weber, Lago Peho\u00e9 e Salto Grande, onde caminharemos 4,5 km para chegar \u00e0 praia do Mirador Cuernos.<\/span><\/p>\n<p><b>| Lago Nordenskj\u00f6ld e Portal Laguna Amarga. <\/b><span style=\"font-weight: 400;\">Destaca-se por sua paisagem deslumbrante e pela abundante vida selvagem local.<\/span><\/p>\n<p><b>| Retornar \u00e0 fronteira. <\/b><span style=\"font-weight: 400;\">Conclus\u00e3o dos procedimentos de imigra\u00e7\u00e3o para retornar \u00e0 Argentina.<\/span><\/p>\n<p><b>22:00 hs: Chegada a El Calafate.\u00a0<\/b><\/p>\n<p>&nbsp;<\/p>\n<p><span style=\"font-weight: 400;\">\u2705 <\/span><b>Inclui<\/b><\/p>\n<ul>\n<li style=\"font-weight: 400;\" aria-level=\"1\"><span style=\"font-weight: 400;\">Traslado de ida e volta para sua acomoda\u00e7\u00e3o em El Calafate.<\/span><\/li>\n<li style=\"font-weight: 400;\" aria-level=\"1\"><span style=\"font-weight: 400;\">Guia profissional bil\u00edngue (espanhol\/ingl\u00eas).<\/span><\/li>\n<li style=\"font-weight: 400;\" aria-level=\"1\"><span style=\"font-weight: 400;\">Vianda.<\/span><\/li>\n<\/ul>\n<p>&nbsp;<\/p>\n<p><span style=\"font-weight: 400;\">\u00a0\u274c <\/span><b>N\u00e3o inclui<\/b><\/p>\n<ul>\n<li style=\"font-weight: 400;\" aria-level=\"1\"><span style=\"font-weight: 400;\">Entrada para o Parque Nacional Torres del Paine (obrigat\u00f3ria).<\/span><\/li>\n<li style=\"font-weight: 400;\" aria-level=\"1\"><span style=\"font-weight: 400;\">Outros consumos fora do programa.<\/span><\/li>\n<\/ul>\n<p><span style=\"font-weight: 400;\">\u00a0<\/span><\/p>\n<p><span style=\"font-weight: 400;\">\u2139 <\/span><b>Informa\u00e7\u00f5es importantes\u00a0<\/b><\/p>\n<ul>\n<li><strong>MAIO a SETEMBRO de 2026: sa\u00eddas somente na SEGUNDA-FEIRA, QUARTA-FEIRA, SEXTA-FEIRA e DOMINGO.<\/strong><\/li>\n<li aria-level=\"1\">Para essa atividade, \u00e9 essencial apresentar a seguinte documenta\u00e7\u00e3o detalhada<a href=\"https:\/\/insighttravel.com.ar\/wp-content\/uploads\/2025\/09\/Documentacion-Documentation-Paine-Adventure.pdf\" target=\"_blank\" rel=\"noopener\"><b> aqui.<\/b><\/a><\/li>\n<\/ul>\n<ul>\n<li aria-level=\"1\"><b>Pol\u00edticas de cancelamento e modifica\u00e7\u00e3o:<\/b><span style=\"font-weight: 400;\"> leia-os atentamente ao fazer o login <strong><a href=\"https:\/\/insighttravel.com.ar\/wp-content\/uploads\/2025\/09\/Politicas-de-Cancelacion-y-Modificacion-Cancelation-and-Modification-Policies_compressed-1.pdf\" target=\"_blank\" rel=\"noopener\">aqui.<\/a><\/strong><\/span><\/li>\n<\/ul>\n<ul>\n<li aria-level=\"1\"><span style=\"font-weight: 400;\">Use roupas quentes em camadas, chap\u00e9u, luvas, protetor solar e cal\u00e7ados confort\u00e1veis e antiderrapantes.<\/span><\/li>\n<\/ul>\n<ul>\n<li aria-level=\"1\"><span style=\"font-weight: 400;\">Consulte-nos para saber os hor\u00e1rios exatos de partida e as tarifas atualizadas.<\/span><\/li>\n<\/ul>\n<ul>\n<li aria-level=\"1\"><span style=\"font-weight: 400;\">O valor expresso corresponde \u00e0 excurs\u00e3o com traslado inclu\u00eddo no servi\u00e7o regular. Se desejar um traslado particular, entre em contato conosco para obter uma cota\u00e7\u00e3o.<\/span><\/li>\n<\/ul>\n<p>&nbsp;<\/p>\n<p><span style=\"font-weight: 400;\">\ud83d\udcb3 <\/span><b>Termos e meios de pagamento.\u00a0<\/b><\/p>\n<p><span style=\"font-weight: 400;\">Todas as reservas devem ser pagas por transfer\u00eancia banc\u00e1ria, dep\u00f3sito banc\u00e1rio, cart\u00e3o de cr\u00e9dito ou d\u00e9bito. Os pagamentos com cart\u00e3o de cr\u00e9dito e d\u00e9bito incorrer\u00e3o em uma sobretaxa de 7%. <\/span><span style=\"font-weight: 400;\">Somente a reserva \u00e9 feita com o 100% do pagamento.<\/span><\/p>\n<p style=\"text-align: center;\">","protected":false},"excerpt":{"rendered":"<p>Viv\u00ed la aventura de explorar el Parque Nacional Torres del Paine Emb\u00e1rcate en una experiencia inolvidable con el tour Paine Adventure, que te lleva desde El Calafate hasta el majestuoso Parque Nacional Torres del Paine (Chile). Recorr\u00e9 un circuito circular dise\u00f1ado especialmente para veh\u00edculos, que permite descubrir paisajes \u00fanicos sin repetir camino, con miradores panor\u00e1micos, [&hellip;]<\/p>\n","protected":false},"featured_media":4864,"comment_status":"open","ping_status":"closed","template":"","meta":[],"product_brand":[],"product_cat":[67],"product_tag":[],"destinos":[42],"tipo-de-actividad":[93],"temporadas":[48],"class_list":{"0":"post-4614","1":"product","2":"type-product","3":"status-publish","4":"has-post-thumbnail","6":"product_cat-uncategorized","7":"destinos-torres-del-paine","8":"tipo-de-actividad-4x4-cabalgatas","9":"temporadas-todo-el-ano","11":"first","12":"instock","13":"sold-individually","14":"shipping-taxable","15":"purchasable","16":"product-type-booking"},"booking_location":"","booking_location_type":"","booking_duration":1,"booking_duration_unit":"day","booking_buffer":0,"booking_cost":0,"booking_resources":[],"_links":{"self":[{"href":"https:\/\/insighttravel.com.ar\/pt\/wp-json\/wp\/v2\/product\/4614","targetHints":{"allow":["GET"]}}],"collection":[{"href":"https:\/\/insighttravel.com.ar\/pt\/wp-json\/wp\/v2\/product"}],"about":[{"href":"https:\/\/insighttravel.com.ar\/pt\/wp-json\/wp\/v2\/types\/product"}],"replies":[{"embeddable":true,"href":"https:\/\/insighttravel.com.ar\/pt\/wp-json\/wp\/v2\/comments?post=4614"}],"wp:featuredmedia":[{"embeddable":true,"href":"https:\/\/insighttravel.com.ar\/pt\/wp-json\/wp\/v2\/media\/4864"}],"wp:attachment":[{"href":"https:\/\/insighttravel.com.ar\/pt\/wp-json\/wp\/v2\/media?parent=4614"}],"wp:term":[{"taxonomy":"product_brand","embeddable":true,"href":"https:\/\/insighttravel.com.ar\/pt\/wp-json\/wp\/v2\/product_brand?post=4614"},{"taxonomy":"product_cat","embeddable":true,"href":"https:\/\/insighttravel.com.ar\/pt\/wp-json\/wp\/v2\/product_cat?post=4614"},{"taxonomy":"product_tag","embeddable":true,"href":"https:\/\/insighttravel.com.ar\/pt\/wp-json\/wp\/v2\/product_tag?post=4614"},{"taxonomy":"destinos","embeddable":true,"href":"https:\/\/insighttravel.com.ar\/pt\/wp-json\/wp\/v2\/destinos?post=4614"},{"taxonomy":"tipo-de-actividad","embeddable":true,"href":"https:\/\/insighttravel.com.ar\/pt\/wp-json\/wp\/v2\/tipo-de-actividad?post=4614"},{"taxonomy":"temporadas","embeddable":true,"href":"https:\/\/insighttravel.com.ar\/pt\/wp-json\/wp\/v2\/temporadas?post=4614"}],"curies":[{"name":"wp","href":"https:\/\/api.w.org\/{rel}","templated":true}]}}