{"id":5097,"date":"2025-10-23T18:29:26","date_gmt":"2025-10-23T21:29:26","guid":{"rendered":"https:\/\/insighttravel.com.ar\/?post_type=product&#038;p=5097"},"modified":"2026-05-04T16:23:05","modified_gmt":"2026-05-04T19:23:05","slug":"trekking-no-cerro-frias","status":"publish","type":"product","link":"https:\/\/insighttravel.com.ar\/pt\/producto\/cerro-frias-trekking\/","title":{"rendered":"Cerro Frias - Trekking"},"content":{"rendered":"<h3 style=\"text-align: center;\"><strong>Trekking Cerro Frias: Trekking guiado na Patag\u00f4nia<\/strong><\/h3>\n<h3 style=\"text-align: center;\"><\/h3>\n<p style=\"text-align: center;\"><span style=\"font-weight: 400;\">Viva uma aut\u00eantica experi\u00eancia patag\u00f4nica com uma caminhada guiada pelas trilhas do Cerro Frias, ideal para quem gosta de contato direto com a natureza e busca vistas panor\u00e2micas \u00fanicas.<\/span><\/p>\n<h3 style=\"text-align: center;\"><\/h3>\n<p>&nbsp;<\/p>\n<p><b>Itiner\u00e1rio detalhado. <\/b><span style=\"font-weight: 400;\">Os hor\u00e1rios indicados est\u00e3o sujeitos a altera\u00e7\u00f5es e varia\u00e7\u00f5es.<\/span><\/p>\n<h3 style=\"text-align: center;\"><\/h3>\n<p><b>| Recep\u00e7\u00e3o em sua acomoda\u00e7\u00e3o. <\/b><span style=\"font-weight: 400;\">Traslado de El Calafate para a Estancia Alice (25 km pela Rota 11).<\/span><\/p>\n<h3 style=\"text-align: center;\"><\/h3>\n<p><b>| Partida da \u00e1rea de churrasco da est\u00e2ncia.<\/b><span style=\"font-weight: 400;\"> Uma caminhada ao longo das encostas sul do Cerro Frias, adaptada \u00e0s habilidades do grupo.<\/span><\/p>\n<h3 style=\"text-align: center;\"><\/h3>\n<p><b>| Vistas panor\u00e2micas do Vale do Rio Centinela, do Lago Argentino, do Brazo Rico e, em dias claros, das Torres del Paine.<\/b><span style=\"font-weight: 400;\"> Paisagem que combina estepe e floresta nativa de lengas, lar de diversas esp\u00e9cies de flora e fauna.<\/span><\/p>\n<h3 style=\"text-align: center;\"><\/h3>\n<p><b>| Retorno \u00e0 est\u00e2ncia e tempo livre.<\/b><span style=\"font-weight: 400;\"> Retorno pela densa floresta de lengas, com vistas de rios e prados em degelo, terminando com tempo livre na \u00e1rea de churrasco do rancho para almo\u00e7o ou lanche, dependendo do hor\u00e1rio escolhido.<\/span><\/p>\n<h3 style=\"text-align: center;\"><\/h3>\n<p><b>| Retorno a El Calafate. <\/b><span style=\"font-weight: 400;\">Traslado para a acomoda\u00e7\u00e3o e fim da atividade.<\/span><\/p>\n<p>&nbsp;<\/p>\n<p><span style=\"font-weight: 400;\">\u2705<\/span><b> Inclui<\/b><\/p>\n<ul>\n<li style=\"font-weight: 400;\" aria-level=\"1\"><span style=\"font-weight: 400;\">Traslado de ida e volta para sua acomoda\u00e7\u00e3o em El Calafate.<\/span><\/li>\n<li style=\"font-weight: 400;\" aria-level=\"1\"><span style=\"font-weight: 400;\">Guia profissional bil\u00edngue (espanhol\/ingl\u00eas).<\/span><\/li>\n<li style=\"font-weight: 400;\" aria-level=\"1\"><span style=\"font-weight: 400;\">Almo\u00e7o ou lanche da tarde de acordo com o hor\u00e1rio escolhido.<\/span><\/li>\n<\/ul>\n<h3 style=\"text-align: center;\"><\/h3>\n<p><span style=\"font-weight: 400;\">\u274c <\/span><b>N\u00e3o inclui<\/b><\/p>\n<ul>\n<li style=\"font-weight: 400;\" aria-level=\"1\"><span style=\"font-weight: 400;\">Bebidas adicionais.<\/span><\/li>\n<li style=\"font-weight: 400;\" aria-level=\"1\"><span style=\"font-weight: 400;\">Outros consumos fora do programa.<\/span><\/li>\n<\/ul>\n<h3 style=\"text-align: center;\"><\/h3>\n<p>&nbsp;<\/p>\n<p><b>Informa\u00e7\u00f5es importantes<\/b><\/p>\n<ul>\n<li aria-level=\"1\"><strong>Idade permitida: a partir de 6 anos de idade.\u00a0<\/strong><\/li>\n<li style=\"font-weight: 400;\" aria-level=\"1\"><span style=\"font-weight: 400;\">Sa\u00eddas pela manh\u00e3 e ao meio-dia. Dura\u00e7\u00e3o total: 04:00 hs. Consulte-nos para saber os hor\u00e1rios exatos de partida e as tarifas atualizadas.<\/span><\/li>\n<li style=\"font-weight: 400;\" aria-level=\"1\"><b>Pol\u00edticas de cancelamento e modifica\u00e7\u00e3o:<\/b><span style=\"font-weight: 400;\"> leia-os atentamente ao fazer o login<\/span><strong><a href=\"https:\/\/insighttravel.com.ar\/wp-content\/uploads\/2025\/09\/Politicas-de-Cancelacion-y-Modificacion-Cancelation-and-Modification-Policies_compressed-1.pdf\" target=\"_blank\" rel=\"noopener\"> aqui.<\/a><\/strong><\/li>\n<li style=\"font-weight: 400;\" aria-level=\"1\"><span style=\"font-weight: 400;\">Use roupas quentes em camadas, luvas, chap\u00e9u, protetor solar e cal\u00e7ados antiderrapantes para trekking.<\/span><\/li>\n<\/ul>\n<h3 style=\"text-align: center;\"><\/h3>\n<p>&nbsp;<\/p>\n<p><b>Termos e meios de pagamento<\/b><\/p>\n<p><span style=\"font-weight: 400;\">Todas as reservas devem ser pagas por transfer\u00eancia banc\u00e1ria, dep\u00f3sito banc\u00e1rio, cart\u00e3o de cr\u00e9dito ou d\u00e9bito. Os pagamentos com cart\u00e3o de cr\u00e9dito e d\u00e9bito incorrer\u00e3o em uma sobretaxa de 7%. <\/span><span style=\"font-weight: 400;\">Somente a reserva \u00e9 feita com o 100% do pagamento.<\/span><\/p>","protected":false},"excerpt":{"rendered":"<p>Cerro Fr\u00edas Trekking: Caminata Guiada por la Patagonia Viv\u00ed una aut\u00e9ntica experiencia patag\u00f3nica con una caminata guiada por los senderos del Cerro Fr\u00edas, ideal para quienes disfrutan del contacto directo con la naturaleza y buscan vistas panor\u00e1micas \u00fanicas. &nbsp; \ud83d\udccd Itinerario detallado. Los horarios indicados quedan sujetos a modificaciones y variaciones. | Pick up en [&hellip;]<\/p>\n","protected":false},"featured_media":5782,"comment_status":"open","ping_status":"closed","template":"","meta":[],"product_brand":[],"product_cat":[23],"product_tag":[],"destinos":[41],"tipo-de-actividad":[94],"temporadas":[47],"class_list":{"0":"post-5097","1":"product","2":"type-product","3":"status-publish","4":"has-post-thumbnail","6":"product_cat-sin-categorizar","7":"destinos-el-calafate","8":"tipo-de-actividad-aventura-trekking","9":"temporadas-primavera","11":"first","12":"instock","13":"virtual","14":"sold-individually","15":"purchasable","16":"product-type-booking"},"booking_location":"","booking_location_type":"","booking_duration":1,"booking_duration_unit":"day","booking_buffer":0,"booking_cost":0,"booking_resources":[],"_links":{"self":[{"href":"https:\/\/insighttravel.com.ar\/pt\/wp-json\/wp\/v2\/product\/5097","targetHints":{"allow":["GET"]}}],"collection":[{"href":"https:\/\/insighttravel.com.ar\/pt\/wp-json\/wp\/v2\/product"}],"about":[{"href":"https:\/\/insighttravel.com.ar\/pt\/wp-json\/wp\/v2\/types\/product"}],"replies":[{"embeddable":true,"href":"https:\/\/insighttravel.com.ar\/pt\/wp-json\/wp\/v2\/comments?post=5097"}],"wp:featuredmedia":[{"embeddable":true,"href":"https:\/\/insighttravel.com.ar\/pt\/wp-json\/wp\/v2\/media\/5782"}],"wp:attachment":[{"href":"https:\/\/insighttravel.com.ar\/pt\/wp-json\/wp\/v2\/media?parent=5097"}],"wp:term":[{"taxonomy":"product_brand","embeddable":true,"href":"https:\/\/insighttravel.com.ar\/pt\/wp-json\/wp\/v2\/product_brand?post=5097"},{"taxonomy":"product_cat","embeddable":true,"href":"https:\/\/insighttravel.com.ar\/pt\/wp-json\/wp\/v2\/product_cat?post=5097"},{"taxonomy":"product_tag","embeddable":true,"href":"https:\/\/insighttravel.com.ar\/pt\/wp-json\/wp\/v2\/product_tag?post=5097"},{"taxonomy":"destinos","embeddable":true,"href":"https:\/\/insighttravel.com.ar\/pt\/wp-json\/wp\/v2\/destinos?post=5097"},{"taxonomy":"tipo-de-actividad","embeddable":true,"href":"https:\/\/insighttravel.com.ar\/pt\/wp-json\/wp\/v2\/tipo-de-actividad?post=5097"},{"taxonomy":"temporadas","embeddable":true,"href":"https:\/\/insighttravel.com.ar\/pt\/wp-json\/wp\/v2\/temporadas?post=5097"}],"curies":[{"name":"wp","href":"https:\/\/api.w.org\/{rel}","templated":true}]}}