{"id":5223,"date":"2025-10-23T11:48:00","date_gmt":"2025-10-23T14:48:00","guid":{"rendered":"https:\/\/insighttravel.com.ar\/?post_type=product&#038;p=5223"},"modified":"2026-03-28T13:06:51","modified_gmt":"2026-03-28T16:06:51","slug":"lagos-off-road-4x4","status":"publish","type":"product","link":"https:\/\/insighttravel.com.ar\/pt\/producto\/lagos-off-road-4x4\/","title":{"rendered":"Lagos fora de estrada - 4\u00d74"},"content":{"rendered":"<h3 style=\"text-align: center;\"><strong>Uma aventura todo-o-terreno pelos lagos fuegianos<\/strong><\/h3>\n<p style=\"text-align: center;\"><span style=\"font-weight: 400;\">Viva uma experi\u00eancia diferente e emocionante com a Excurs\u00e3o Off Road Lakes, uma viagem ideal para quem quer explorar as paisagens mais aut\u00eanticas de Ushuaia.<\/span><\/p>\n<p>&nbsp;<\/p>\n<p><span style=\"font-weight: 400;\">\ud83d\udccd <\/span><b>Itiner\u00e1rio detalhado.<\/b><span style=\"font-weight: 400;\"> Os hor\u00e1rios indicados est\u00e3o sujeitos a altera\u00e7\u00f5es e varia\u00e7\u00f5es.<\/span><\/p>\n<p><b>08:30 a.m. <\/b><span style=\"font-weight: 400;\">|<\/span><b> Pegaremos voc\u00ea em sua acomoda\u00e7\u00e3o. <\/b><span style=\"font-weight: 400;\">Pegaremos voc\u00ea em sua acomoda\u00e7\u00e3o em Ushuaia e come\u00e7aremos o passeio pela Rota Nacional n\u00ba 3, a \u00fanica sa\u00edda terrestre da Ilha Grande da Terra do Fogo para o continente.<\/span><\/p>\n<p><b>10h30: Travessia dos Andes Fuegianos - Passo Garibaldi.<\/b><span style=\"font-weight: 400;\"> Depois de atravessar a Cordilheira dos Andes, pelo emblem\u00e1tico Passo Garibaldi, come\u00e7amos nossa aventura em um ve\u00edculo 4\u00d74.<\/span><\/p>\n<p><b>12:00 hs: passeio de 4\u00d74. <\/b><span style=\"font-weight: 400;\">Passamos por estradas espetaculares de lama, \u00e1gua, \u00e1rvores ca\u00eddas e ra\u00edzes que saem da superf\u00edcie da terra, chegando ao imponente litoral do <\/span><b>Lago Fagnano<\/b><span style=\"font-weight: 400;\">um dos cinco maiores reservat\u00f3rios de \u00e1gua doce da Am\u00e9rica do Sul.<\/span><\/p>\n<p><b>| Lago Escondido. <\/b><span style=\"font-weight: 400;\">Em seguida, retornaremos \u00e0 aventura para entrar na floresta e caminhar por uma \u00e1rea exclusiva at\u00e9 chegar ao Lago Escondido, onde desfrutaremos de uma refei\u00e7\u00e3o t\u00edpica em nosso ref\u00fagio.<\/span><\/p>\n<p><b>13:30 hs: Almo\u00e7o no Ref\u00fagio.\u00a0<\/b><\/p>\n<p><b>15:30 hs: Retorno a Ushuaia. <\/b><span style=\"font-weight: 400;\">Ap\u00f3s o almo\u00e7o, retornaremos a Ushuaia, passando novamente por paisagens de sonho e terminando a excurs\u00e3o em seu hotel.<\/span><\/p>\n<p><b>17:00 hs: Chegada ao hotel.\u00a0<\/b><\/p>\n<p>&nbsp;<\/p>\n<p><span style=\"font-weight: 400;\">\u2705 <\/span><b>Inclui<\/b><\/p>\n<ul>\n<li style=\"font-weight: 400;\" aria-level=\"1\"><span style=\"font-weight: 400;\">Traslado de ida e volta para sua acomoda\u00e7\u00e3o em Ushuaia em um ve\u00edculo 4\u00d74.\u00a0<\/span><\/li>\n<li style=\"font-weight: 400;\" aria-level=\"1\"><span style=\"font-weight: 400;\">Guia profissional bil\u00edngue (espanhol\/ingl\u00eas).<\/span><\/li>\n<li style=\"font-weight: 400;\" aria-level=\"1\"><span style=\"font-weight: 400;\">Almo\u00e7o com um drinque ou uma ta\u00e7a de vinho.<\/span><\/li>\n<\/ul>\n<p>&nbsp;<\/p>\n<p><span style=\"font-weight: 400;\">\u274c <\/span><b>N\u00e3o inclui<\/b><\/p>\n<ul>\n<li style=\"font-weight: 400;\" aria-level=\"1\"><span style=\"font-weight: 400;\">Outros consumos fora do programa.<\/span><\/li>\n<\/ul>\n<h2><\/h2>\n<p>&nbsp;<\/p>\n<p><span style=\"font-weight: 400;\">\u2139\u00a0<\/span><b>Informa\u00e7\u00f5es importantes<\/b><\/p>\n<ul>\n<li><strong>As vans viajam em terrenos irregulares e podem estar sujeitas a movimentos bruscos, n\u00e3o sendo adequadas para pessoas com problemas de coluna e mulheres gr\u00e1vidas.<\/strong><\/li>\n<li style=\"font-weight: 400;\" aria-level=\"1\"><b>Pol\u00edticas de cancelamento e modifica\u00e7\u00e3o:<\/b><span style=\"font-weight: 400;\"> leia-os atentamente ao fazer o login <strong><a href=\"https:\/\/insighttravel.com.ar\/wp-content\/uploads\/2025\/09\/Politicas-de-Cancelacion-y-Modificacion-Cancelation-and-Modification-Policies_compressed-1.pdf\" target=\"_blank\" rel=\"noopener\">aqui.<\/a><\/strong><\/span><\/li>\n<li style=\"font-weight: 400;\" aria-level=\"1\"><span style=\"font-weight: 400;\">Recomendamos o uso de roupas quentes e imperme\u00e1veis, pois a atividade \u00e9 realizada ao ar livre. Chap\u00e9u, luvas e meias de reposi\u00e7\u00e3o.<\/span><\/li>\n<li style=\"font-weight: 400;\" aria-level=\"1\"><span style=\"font-weight: 400;\">Consulte-nos para saber os hor\u00e1rios exatos de partida e as tarifas atualizadas.<\/span><\/li>\n<li style=\"font-weight: 400;\" aria-level=\"1\"><span style=\"font-weight: 400;\">O valor expresso corresponde \u00e0 excurs\u00e3o com traslado inclu\u00eddo no servi\u00e7o regular. Se desejar um traslado particular, entre em contato conosco para obter uma cota\u00e7\u00e3o.<\/span><\/li>\n<\/ul>\n<h2><\/h2>\n<p>&nbsp;<\/p>\n<p><b>Termos e meios de pagamento<\/b><\/p>\n<p><span style=\"font-weight: 400;\">Todas as reservas devem ser pagas por transfer\u00eancia banc\u00e1ria, dep\u00f3sito banc\u00e1rio, cart\u00e3o de cr\u00e9dito ou d\u00e9bito. Os pagamentos com cart\u00e3o de cr\u00e9dito e d\u00e9bito incorrer\u00e3o em uma sobretaxa de 7%. A reserva s\u00f3 \u00e9 efetivada com o 100% do pagamento.<\/span><\/p>\n<p>&nbsp;<\/p>","protected":false},"excerpt":{"rendered":"<p>Una aventura todo terreno por los lagos fueguinos Viv\u00ed una experiencia diferente y llena de emoci\u00f3n con la Excursi\u00f3n Lagos Off Road, una traves\u00eda ideal para quienes buscan explorar los paisajes m\u00e1s aut\u00e9nticos de Ushuaia. &nbsp; \ud83d\udccd Itinerario detallado. Los horarios indicados quedan sujetos a modificaciones y variaciones. 08:30 hs | Pick up en tu [&hellip;]<\/p>\n","protected":false},"featured_media":5229,"comment_status":"open","ping_status":"closed","template":"","meta":[],"product_brand":[],"product_cat":[23],"product_tag":[],"destinos":[103],"tipo-de-actividad":[93,94],"temporadas":[47],"class_list":{"0":"post-5223","1":"product","2":"type-product","3":"status-publish","4":"has-post-thumbnail","6":"product_cat-sin-categorizar","7":"destinos-ushuaia","8":"tipo-de-actividad-4x4-cabalgatas","9":"tipo-de-actividad-aventura-trekking","10":"temporadas-primavera","12":"first","13":"instock","14":"virtual","15":"sold-individually","16":"purchasable","17":"product-type-booking"},"booking_location":"","booking_location_type":"","booking_duration":1,"booking_duration_unit":"day","booking_buffer":24,"booking_cost":0,"booking_resources":[],"_links":{"self":[{"href":"https:\/\/insighttravel.com.ar\/pt\/wp-json\/wp\/v2\/product\/5223","targetHints":{"allow":["GET"]}}],"collection":[{"href":"https:\/\/insighttravel.com.ar\/pt\/wp-json\/wp\/v2\/product"}],"about":[{"href":"https:\/\/insighttravel.com.ar\/pt\/wp-json\/wp\/v2\/types\/product"}],"replies":[{"embeddable":true,"href":"https:\/\/insighttravel.com.ar\/pt\/wp-json\/wp\/v2\/comments?post=5223"}],"wp:featuredmedia":[{"embeddable":true,"href":"https:\/\/insighttravel.com.ar\/pt\/wp-json\/wp\/v2\/media\/5229"}],"wp:attachment":[{"href":"https:\/\/insighttravel.com.ar\/pt\/wp-json\/wp\/v2\/media?parent=5223"}],"wp:term":[{"taxonomy":"product_brand","embeddable":true,"href":"https:\/\/insighttravel.com.ar\/pt\/wp-json\/wp\/v2\/product_brand?post=5223"},{"taxonomy":"product_cat","embeddable":true,"href":"https:\/\/insighttravel.com.ar\/pt\/wp-json\/wp\/v2\/product_cat?post=5223"},{"taxonomy":"product_tag","embeddable":true,"href":"https:\/\/insighttravel.com.ar\/pt\/wp-json\/wp\/v2\/product_tag?post=5223"},{"taxonomy":"destinos","embeddable":true,"href":"https:\/\/insighttravel.com.ar\/pt\/wp-json\/wp\/v2\/destinos?post=5223"},{"taxonomy":"tipo-de-actividad","embeddable":true,"href":"https:\/\/insighttravel.com.ar\/pt\/wp-json\/wp\/v2\/tipo-de-actividad?post=5223"},{"taxonomy":"temporadas","embeddable":true,"href":"https:\/\/insighttravel.com.ar\/pt\/wp-json\/wp\/v2\/temporadas?post=5223"}],"curies":[{"name":"wp","href":"https:\/\/api.w.org\/{rel}","templated":true}]}}