{"id":5247,"date":"2025-10-23T12:16:46","date_gmt":"2025-10-23T15:16:46","guid":{"rendered":"https:\/\/insighttravel.com.ar\/?post_type=product&#038;p=5247"},"modified":"2026-03-28T13:11:13","modified_gmt":"2026-03-28T16:11:13","slug":"almanza-adventure-sailing-penguin-cruising","status":"publish","type":"product","link":"https:\/\/insighttravel.com.ar\/pt\/producto\/aventura-almanza-navegacion-pinguinera\/","title":{"rendered":"Aventura Almanza - Penguin Sailing"},"content":{"rendered":"<h3 style=\"text-align: center;\"><strong>Aventura Almanza - Penguin Sailing<\/strong><\/h3>\n<p style=\"text-align: center;\"><span style=\"font-weight: 400;\">Viva uma experi\u00eancia \u00fanica no fim do mundo com esta excurs\u00e3o que combina natureza, navega\u00e7\u00e3o e gastronomia. <\/span><span style=\"font-weight: 400;\">A apenas 70 km de Ushuaia, a Ruta de la Centolla leva voc\u00ea a Puerto Almanza, uma charmosa vila de pescadores onde a vida gira em torno do mar. Voc\u00ea navegar\u00e1 pelo Canal de Beagle em um pequeno barco em dire\u00e7\u00e3o \u00e0 Ilha Martillo, lar dos pinguins de Magalh\u00e3es e Gentoo, desfrutando de um cen\u00e1rio espetacular e da observa\u00e7\u00e3o de aves marinhas.<\/span><\/p>\n<p>&nbsp;<\/p>\n<p><span style=\"font-weight: 400;\">\ud83d\udccd <\/span><b>Itiner\u00e1rio detalhado.<\/b><span style=\"font-weight: 400;\"> Os hor\u00e1rios indicados est\u00e3o sujeitos a altera\u00e7\u00f5es e varia\u00e7\u00f5es.<\/span><\/p>\n<p><b>07:45 a.m. <\/b><span style=\"font-weight: 400;\">|<\/span><b> Pegaremos voc\u00ea em sua acomoda\u00e7\u00e3o.<\/b><span style=\"font-weight: 400;\"> Sa\u00edda de Ushuaia pela Rota Nacional n\u00ba 3, desfrutando de uma rota panor\u00e2mica cercada pelos Andes e pela floresta andina patag\u00f4nica.<\/span><\/p>\n<p><b>| Parada interpretativa na Laguna Victoria<\/b><span style=\"font-weight: 400;\">. Breve pausa para admirar a paisagem e aprender sobre a flora e a fauna caracter\u00edsticas do ecossistema de turfeiras com nossos guias.<\/span><\/p>\n<p><b>09:15 hs: Chegada a Puerto Almanza. <\/b><span style=\"font-weight: 400;\">Entramos no charmoso vilarejo de pescadores artesanais, onde come\u00e7a nossa experi\u00eancia mar\u00edtima.<\/span><\/p>\n<p><b>09:30 hs - 10:00 hs: Embarque e navega\u00e7\u00e3o dos ping\u00fcins<\/b><span style=\"font-weight: 400;\">. Embarcamos em um pequeno barco para percorrer os canais protegidos do Beagle. Ao longo do caminho, poderemos observar v\u00e1rias esp\u00e9cies de aves marinhas e, finalmente, chegaremos a <\/span><b>Ilha do Martelo<\/b><span style=\"font-weight: 400;\">onde vivem col\u00f4nias de pinguins de Magalh\u00e3es e Gentoo.<\/span><\/p>\n<p><b>11h30: Passeio pela vila.<\/b><span style=\"font-weight: 400;\"> Uma curta caminhada por Almanza para aprender sobre a vida das fam\u00edlias que vivem nesse canto remoto do mundo e descobrir seus m\u00e9todos tradicionais de pesca.<\/span><\/p>\n<p><b>| Almo\u00e7o em Puerto Almanza.<\/b><span style=\"font-weight: 400;\"> Desfrutaremos de um delicioso prato de frutos do mar locais em um ambiente de beleza \u00fanica.<\/span><\/p>\n<p><b>14:00 hs: Retorno a Ushuaia. <\/b><span style=\"font-weight: 400;\">Come\u00e7amos nosso caminho de volta, margeando rios e vales com vistas espetaculares da paisagem fueguina.<\/span><\/p>\n<p><b>15:30 hs: Chegada a Ushuaia.<\/b><\/p>\n<p>&nbsp;<\/p>\n<p><span style=\"font-weight: 400;\">\u2705 <\/span><b>Inclui<\/b><\/p>\n<ul>\n<li style=\"font-weight: 400;\" aria-level=\"1\"><span style=\"font-weight: 400;\">Traslado de ida e volta de Ushuaia.<\/span><\/li>\n<li style=\"font-weight: 400;\" aria-level=\"1\"><span style=\"font-weight: 400;\">Guias profissionais (espanhol\/ingl\u00eas).<\/span><\/li>\n<li style=\"font-weight: 400;\" aria-level=\"1\"><span style=\"font-weight: 400;\">Almo\u00e7o em 3 etapas com bebida (ta\u00e7a de vinho e \u00e1gua).<\/span><\/li>\n<\/ul>\n<p>&nbsp;<\/p>\n<p><span style=\"font-weight: 400;\">\u274c <\/span><b>N\u00e3o inclui<\/b><\/p>\n<ul>\n<li style=\"font-weight: 400;\" aria-level=\"1\"><span style=\"font-weight: 400;\">Outros consumos fora do programa.<\/span><\/li>\n<\/ul>\n<h2><\/h2>\n<p>&nbsp;<\/p>\n<p><span style=\"font-weight: 400;\">\u2139\u00a0<\/span><b>Informa\u00e7\u00f5es importantes<\/b><\/p>\n<ul>\n<li><strong>Funciona somente \u00e0s segundas, quartas, sextas e domingos.<\/strong><\/li>\n<li><strong>A ordem das atividades depender\u00e1 das condi\u00e7\u00f5es clim\u00e1ticas e, por esse motivo, a navega\u00e7\u00e3o poder\u00e1 ser cancelada.<\/strong><\/li>\n<li><b>Pol\u00edticas de cancelamento e modifica\u00e7\u00e3o:<\/b><span style=\"font-weight: 400;\"> leia-os atentamente ao fazer o login <strong><a href=\"https:\/\/insighttravel.com.ar\/wp-content\/uploads\/2025\/09\/Politicas-de-Cancelacion-y-Modificacion-Cancelation-and-Modification-Policies_compressed-1.pdf\" target=\"_blank\" rel=\"noopener\">aqui.<\/a><\/strong><\/span><\/li>\n<li><span style=\"font-weight: 400;\">\u00c9 recomend\u00e1vel usar chap\u00e9u ou bon\u00e9, gorro, jaqueta imperme\u00e1vel, casaco quente (tipo fleece) e luvas.<\/span><\/li>\n<li><span style=\"font-weight: 400;\">Consulte-nos para saber os hor\u00e1rios exatos de partida e as tarifas atualizadas.<\/span><\/li>\n<li><span style=\"font-weight: 400;\">O valor expresso corresponde \u00e0 excurs\u00e3o com traslado inclu\u00eddo no servi\u00e7o regular. Se desejar um traslado particular, entre em contato conosco para obter uma cota\u00e7\u00e3o.<\/span><\/li>\n<\/ul>\n<h2><\/h2>\n<p>&nbsp;<\/p>\n<p><b>Termos e meios de pagamento<\/b><\/p>\n<p><span style=\"font-weight: 400;\">Todas as reservas devem ser pagas por transfer\u00eancia banc\u00e1ria, dep\u00f3sito banc\u00e1rio, cart\u00e3o de cr\u00e9dito ou d\u00e9bito. Os pagamentos com cart\u00e3o de cr\u00e9dito e d\u00e9bito incorrer\u00e3o em uma sobretaxa de 7%. <\/span><span style=\"font-weight: 400;\">Somente a reserva \u00e9 feita com o 100% do pagamento.<\/span><\/p>\n<p>&nbsp;<\/p>","protected":false},"excerpt":{"rendered":"<p>Aventura Almanza &#8211; Navegaci\u00f3n Ping\u00fcinera Viv\u00ed una experiencia \u00fanica en el fin del mundo con esta excursi\u00f3n que combina naturaleza, navegaci\u00f3n y gastronom\u00eda. A solo 70 km de Ushuaia, la Ruta de la Centolla te lleva hasta Puerto Almanza, un encantador pueblo de pescadores donde la vida gira en torno al mar. Navegar\u00e1s por el [&hellip;]<\/p>\n","protected":false},"featured_media":5278,"comment_status":"open","ping_status":"closed","template":"","meta":[],"product_brand":[],"product_cat":[23],"product_tag":[],"destinos":[103],"tipo-de-actividad":[96,94],"temporadas":[47],"class_list":{"0":"post-5247","1":"product","2":"type-product","3":"status-publish","4":"has-post-thumbnail","6":"product_cat-sin-categorizar","7":"destinos-ushuaia","8":"tipo-de-actividad-navegacion-kayak","9":"tipo-de-actividad-aventura-trekking","10":"temporadas-primavera","12":"first","13":"instock","14":"virtual","15":"sold-individually","16":"purchasable","17":"product-type-booking"},"booking_location":"","booking_location_type":"","booking_duration":1,"booking_duration_unit":"day","booking_buffer":24,"booking_cost":0,"booking_resources":[],"_links":{"self":[{"href":"https:\/\/insighttravel.com.ar\/pt\/wp-json\/wp\/v2\/product\/5247","targetHints":{"allow":["GET"]}}],"collection":[{"href":"https:\/\/insighttravel.com.ar\/pt\/wp-json\/wp\/v2\/product"}],"about":[{"href":"https:\/\/insighttravel.com.ar\/pt\/wp-json\/wp\/v2\/types\/product"}],"replies":[{"embeddable":true,"href":"https:\/\/insighttravel.com.ar\/pt\/wp-json\/wp\/v2\/comments?post=5247"}],"wp:featuredmedia":[{"embeddable":true,"href":"https:\/\/insighttravel.com.ar\/pt\/wp-json\/wp\/v2\/media\/5278"}],"wp:attachment":[{"href":"https:\/\/insighttravel.com.ar\/pt\/wp-json\/wp\/v2\/media?parent=5247"}],"wp:term":[{"taxonomy":"product_brand","embeddable":true,"href":"https:\/\/insighttravel.com.ar\/pt\/wp-json\/wp\/v2\/product_brand?post=5247"},{"taxonomy":"product_cat","embeddable":true,"href":"https:\/\/insighttravel.com.ar\/pt\/wp-json\/wp\/v2\/product_cat?post=5247"},{"taxonomy":"product_tag","embeddable":true,"href":"https:\/\/insighttravel.com.ar\/pt\/wp-json\/wp\/v2\/product_tag?post=5247"},{"taxonomy":"destinos","embeddable":true,"href":"https:\/\/insighttravel.com.ar\/pt\/wp-json\/wp\/v2\/destinos?post=5247"},{"taxonomy":"tipo-de-actividad","embeddable":true,"href":"https:\/\/insighttravel.com.ar\/pt\/wp-json\/wp\/v2\/tipo-de-actividad?post=5247"},{"taxonomy":"temporadas","embeddable":true,"href":"https:\/\/insighttravel.com.ar\/pt\/wp-json\/wp\/v2\/temporadas?post=5247"}],"curies":[{"name":"wp","href":"https:\/\/api.w.org\/{rel}","templated":true}]}}