{"id":5250,"date":"2025-10-23T12:21:30","date_gmt":"2025-10-23T15:21:30","guid":{"rendered":"https:\/\/insighttravel.com.ar\/?post_type=product&#038;p=5250"},"modified":"2026-03-28T13:11:52","modified_gmt":"2026-03-28T16:11:52","slug":"por-do-sol-de-almanza-e-pinguins","status":"publish","type":"product","link":"https:\/\/insighttravel.com.ar\/pt\/producto\/almanza-atardecer-y-pinguinos\/","title":{"rendered":"Almanza, p\u00f4r do sol e ping\u00fcins"},"content":{"rendered":"<h3 style=\"text-align: center;\"><strong>Almanza, p\u00f4r do sol e ping\u00fcins<\/strong><\/h3>\n<p style=\"text-align: center;\"><span style=\"font-weight: 400;\">Descubra a Aventura Almanza, P\u00f4r do Sol e Pinguins, um passeio exclusivo saindo de Ushuaia que combina navega\u00e7\u00e3o no Canal de Beagle, observa\u00e7\u00e3o de pinguins de Magalh\u00e3es e Papua, uma visita \u00e0 vila de pescadores mais ao sul da Argentina e uma deliciosa experi\u00eancia gastron\u00f4mica com tapas de frutos do mar. Mergulhe na natureza, na cultura local e nas paisagens \u00fanicas do Fim do Mundo em uma tarde inesquec\u00edvel.<\/span><\/p>\n<p>&nbsp;<\/p>\n<p><span style=\"font-weight: 400;\">\ud83d\udccd <\/span><b>Itiner\u00e1rio detalhado.<\/b><span style=\"font-weight: 400;\"> Os hor\u00e1rios indicados est\u00e3o sujeitos a altera\u00e7\u00f5es e varia\u00e7\u00f5es.<\/span><\/p>\n<p><b>14:15 hs <\/b><span style=\"font-weight: 400;\">|<\/span><b> Pegaremos voc\u00ea em sua acomoda\u00e7\u00e3o.<\/b><span style=\"font-weight: 400;\"> Traslado de sua acomoda\u00e7\u00e3o em Ushuaia para Puerto Almanza, dirigindo pela Rota 3 atrav\u00e9s da floresta andina patag\u00f4nica e dos majestosos Andes.<\/span><\/p>\n<p><b>15:45 hs: Chegada a Puerto Almanza. <\/b><span style=\"font-weight: 400;\">Chegada \u00e0 pitoresca vila de pescadores, onde vivem cerca de 15 fam\u00edlias dedicadas \u00e0 pesca artesanal de caranguejos e \u00e0 coleta de frutos do mar.<\/span><\/p>\n<p><b>16:00 hs: Embarque e navega\u00e7\u00e3o dos ping\u00fcins. <\/b><span style=\"font-weight: 400;\">Iniciamos uma navega\u00e7\u00e3o exclusiva em um pequeno barco pelo Canal de Beagle, nos aproximando da Ilha Martillo para observar de perto os pinguins de Magalh\u00e3es e Gentoo, al\u00e9m de apreciar a paisagem e a avifauna local.<\/span><\/p>\n<p><b>18:00 hs: Tapeo em Puerto Almanza. <\/b><span style=\"font-weight: 400;\">Desfrute de uma experi\u00eancia gastron\u00f4mica local com pratos de frutos do mar acompanhados de uma ta\u00e7a de vinho e \u00e1gua, em um ambiente natural \u00fanico.<\/span><\/p>\n<p><b>| Caminhada at\u00e9 a Cachoeira Duende. <\/b><span style=\"font-weight: 400;\">Exploramos a floresta fueguina at\u00e9 chegarmos \u00e0 cachoeira Cascada del Duende, formada pelo degelo das montanhas, ideal para tirar fotos e apreciar a natureza.<\/span><\/p>\n<p><b>20:30 hs: Retorno a Ushuaia. <\/b><span style=\"font-weight: 400;\">Traslado de volta \u00e0 cidade, encerrando a experi\u00eancia com lembran\u00e7as inesquec\u00edveis do Fim do Mundo.<\/span><\/p>\n<p><b>22:00 hs: Chegada a Ushuaia.<\/b><\/p>\n<p>&nbsp;<\/p>\n<p><span style=\"font-weight: 400;\">\u2705 <\/span><b>Inclui<\/b><\/p>\n<ul>\n<li style=\"font-weight: 400;\" aria-level=\"1\"><span style=\"font-weight: 400;\">Traslado de ida e volta de Ushuaia.<\/span><\/li>\n<li style=\"font-weight: 400;\" aria-level=\"1\"><span style=\"font-weight: 400;\">Guias profissionais (espanhol\/ingl\u00eas).<\/span><\/li>\n<li style=\"font-weight: 400;\" aria-level=\"1\"><span style=\"font-weight: 400;\">Almo\u00e7o: tapas de frutos do mar. Inclui uma ta\u00e7a de vinho e \u00e1gua.<\/span><\/li>\n<\/ul>\n<p>&nbsp;<\/p>\n<p><span style=\"font-weight: 400;\">\u274c <\/span><b>N\u00e3o inclui<\/b><\/p>\n<ul>\n<li style=\"font-weight: 400;\" aria-level=\"1\"><span style=\"font-weight: 400;\">Outros consumos fora do programa.<\/span><\/li>\n<\/ul>\n<h2><\/h2>\n<p>&nbsp;<\/p>\n<p><span style=\"font-weight: 400;\">\u2139\u00a0<\/span><b>Informa\u00e7\u00f5es importantes<\/b><\/p>\n<ul>\n<li><strong>Funciona somente \u00e0s ter\u00e7as, quintas e s\u00e1bados.\u00a0<\/strong><\/li>\n<li><strong>A ordem das atividades depender\u00e1 das condi\u00e7\u00f5es clim\u00e1ticas e, por esse motivo, a navega\u00e7\u00e3o poder\u00e1 ser cancelada.<\/strong><\/li>\n<li><b>Pol\u00edticas de cancelamento e modifica\u00e7\u00e3o:<\/b><span style=\"font-weight: 400;\"> leia-os atentamente ao fazer o login <strong><a href=\"https:\/\/insighttravel.com.ar\/wp-content\/uploads\/2025\/09\/Politicas-de-Cancelacion-y-Modificacion-Cancelation-and-Modification-Policies_compressed-1.pdf\" target=\"_blank\" rel=\"noopener\">aqui.<\/a><\/strong><\/span><\/li>\n<li><span style=\"font-weight: 400;\">\u00c9 recomend\u00e1vel usar chap\u00e9u ou bon\u00e9, gorro, jaqueta imperme\u00e1vel, casaco quente (tipo fleece) e luvas.<\/span><\/li>\n<li><span style=\"font-weight: 400;\">Consulte-nos para saber os hor\u00e1rios exatos de partida e as tarifas atualizadas.<\/span><\/li>\n<li><span style=\"font-weight: 400;\">O valor expresso corresponde \u00e0 excurs\u00e3o com traslado inclu\u00eddo no servi\u00e7o regular. Se desejar um traslado particular, entre em contato conosco para obter uma cota\u00e7\u00e3o.<\/span><\/li>\n<\/ul>\n<h2><\/h2>\n<p>&nbsp;<\/p>\n<p><b>Termos e meios de pagamento<\/b><\/p>\n<p><span style=\"font-weight: 400;\">Todas as reservas devem ser pagas por transfer\u00eancia banc\u00e1ria, dep\u00f3sito banc\u00e1rio, cart\u00e3o de cr\u00e9dito ou d\u00e9bito. Os pagamentos com cart\u00e3o de cr\u00e9dito e d\u00e9bito incorrer\u00e3o em uma sobretaxa de 7%. <\/span><span style=\"font-weight: 400;\">Somente a reserva \u00e9 feita com o 100% do pagamento.<\/span><\/p>\n<p>&nbsp;<\/p>","protected":false},"excerpt":{"rendered":"<p>Almanza, Atardecer y Ping\u00fcinos Descubr\u00ed la Aventura Almanza, Atardecer y Ping\u00fcinos, un recorrido exclusivo desde Ushuaia que combina navegaci\u00f3n por el Canal Beagle, avistaje de ping\u00fcinos de Magallanes y Pap\u00faa, visita al pueblo pesquero m\u00e1s austral de Argentina y una deliciosa experiencia gastron\u00f3mica con tapeo de mar. Sumergite en la naturaleza, la cultura local y [&hellip;]<\/p>\n","protected":false},"featured_media":5283,"comment_status":"open","ping_status":"closed","template":"","meta":[],"product_brand":[],"product_cat":[23],"product_tag":[],"destinos":[103],"tipo-de-actividad":[96,94],"temporadas":[47],"class_list":{"0":"post-5250","1":"product","2":"type-product","3":"status-publish","4":"has-post-thumbnail","6":"product_cat-sin-categorizar","7":"destinos-ushuaia","8":"tipo-de-actividad-navegacion-kayak","9":"tipo-de-actividad-aventura-trekking","10":"temporadas-primavera","12":"first","13":"instock","14":"virtual","15":"sold-individually","16":"purchasable","17":"product-type-booking"},"booking_location":"","booking_location_type":"","booking_duration":1,"booking_duration_unit":"day","booking_buffer":24,"booking_cost":0,"booking_resources":[],"_links":{"self":[{"href":"https:\/\/insighttravel.com.ar\/pt\/wp-json\/wp\/v2\/product\/5250","targetHints":{"allow":["GET"]}}],"collection":[{"href":"https:\/\/insighttravel.com.ar\/pt\/wp-json\/wp\/v2\/product"}],"about":[{"href":"https:\/\/insighttravel.com.ar\/pt\/wp-json\/wp\/v2\/types\/product"}],"replies":[{"embeddable":true,"href":"https:\/\/insighttravel.com.ar\/pt\/wp-json\/wp\/v2\/comments?post=5250"}],"wp:featuredmedia":[{"embeddable":true,"href":"https:\/\/insighttravel.com.ar\/pt\/wp-json\/wp\/v2\/media\/5283"}],"wp:attachment":[{"href":"https:\/\/insighttravel.com.ar\/pt\/wp-json\/wp\/v2\/media?parent=5250"}],"wp:term":[{"taxonomy":"product_brand","embeddable":true,"href":"https:\/\/insighttravel.com.ar\/pt\/wp-json\/wp\/v2\/product_brand?post=5250"},{"taxonomy":"product_cat","embeddable":true,"href":"https:\/\/insighttravel.com.ar\/pt\/wp-json\/wp\/v2\/product_cat?post=5250"},{"taxonomy":"product_tag","embeddable":true,"href":"https:\/\/insighttravel.com.ar\/pt\/wp-json\/wp\/v2\/product_tag?post=5250"},{"taxonomy":"destinos","embeddable":true,"href":"https:\/\/insighttravel.com.ar\/pt\/wp-json\/wp\/v2\/destinos?post=5250"},{"taxonomy":"tipo-de-actividad","embeddable":true,"href":"https:\/\/insighttravel.com.ar\/pt\/wp-json\/wp\/v2\/tipo-de-actividad?post=5250"},{"taxonomy":"temporadas","embeddable":true,"href":"https:\/\/insighttravel.com.ar\/pt\/wp-json\/wp\/v2\/temporadas?post=5250"}],"curies":[{"name":"wp","href":"https:\/\/api.w.org\/{rel}","templated":true}]}}