{"id":5265,"date":"2025-10-23T12:31:05","date_gmt":"2025-10-23T15:31:05","guid":{"rendered":"https:\/\/insighttravel.com.ar\/?post_type=product&#038;p=5265"},"modified":"2026-02-09T10:50:06","modified_gmt":"2026-02-09T13:50:06","slug":"navegacao-com-pinguins-na-hammer-island","status":"publish","type":"product","link":"https:\/\/insighttravel.com.ar\/pt\/producto\/navegacion-pinguinera-isla-martillo\/","title":{"rendered":"Col\u00f4nia de pinguins - Ilha Martillo"},"content":{"rendered":"<h3 style=\"text-align: center;\"><strong>Col\u00f4nia de pinguins - Ilha Martillo<\/strong><\/h3>\n<p style=\"text-align: center;\"><span style=\"font-weight: 400;\">Viva uma experi\u00eancia \u00fanica navegando pelo emblem\u00e1tico Canal de Beagle, onde combinamos hist\u00f3ria, natureza e fauna nativa. Durante a excurs\u00e3o, visitaremos as Ilhas Wolf e Bird, admiraremos o ic\u00f4nico Farol Les Eclaireurs e, finalmente, veremos de perto os pinguins de Magalh\u00e3es e Gentoo em seu habitat natural na Ilha Martillo. Um passeio panor\u00e2mico que tamb\u00e9m lhe permite visitar vilas de pescadores e antigos vest\u00edgios hist\u00f3ricos, enquanto desfruta de vistas deslumbrantes da paisagem fueguina.<\/span><\/p>\n<p>&nbsp;<\/p>\n<p><span style=\"font-weight: 400;\">\ud83d\udccd <\/span><b>Itiner\u00e1rio detalhado.<\/b><span style=\"font-weight: 400;\"> Os hor\u00e1rios indicados est\u00e3o sujeitos a altera\u00e7\u00f5es e varia\u00e7\u00f5es.<\/span><\/p>\n<p><b>| Check-in no Muelle Tur\u00edstico.<\/b><\/p>\n<p><b>| Partida do navio. <\/b><span style=\"font-weight: 400;\">Partimos do p\u00eder tur\u00edstico ao longo da Ba\u00eda de Ushuaia, com vistas panor\u00e2micas da cidade e da Cordilheira dos Andes.<\/span><\/p>\n<p><b>| Passeios tur\u00edsticos na Ilha de Lobos. <\/b><span style=\"font-weight: 400;\">Observa\u00e7\u00e3o de lobos-marinhos simples e duplos em seu habitat natural.<\/span><\/p>\n<p><b>| Observa\u00e7\u00e3o de aves na Isla de P\u00e1jaros. A<\/b><span style=\"font-weight: 400;\">avistamentos de p\u00e1ssaros locais, incluindo skuas, albatrozes-de-sobrancelha-preta, patos a vapor, gansos, gaivotas e gaivotas-cinzentas.<\/span><\/p>\n<p><b>| Avistamento do farol Les Eclaireurs. <\/b><span style=\"font-weight: 400;\">Foto ic\u00f4nica do farol e narra\u00e7\u00e3o da hist\u00f3ria do naufr\u00e1gio do SS Monte Cervantes.<\/span><\/p>\n<p><b>| Eastbound. <\/b><span style=\"font-weight: 400;\">Navega\u00e7\u00e3o com vista para o Canal de Beagle, as montanhas e o Puerto Almanza argentino e a Base Naval de Puerto Williams chilena.<\/span><\/p>\n<p><b>| Isla Martillo - Avistamento de col\u00f4nia de pinguins. <\/b><span style=\"font-weight: 400;\">Desligar os motores e observar os pinguins de Magalh\u00e3es e Gentoo em seu habitat natural, aprendendo sobre suas caracter\u00edsticas f\u00edsicas e comportamento.<\/span><\/p>\n<p><b>| Retorno a Ushuaia. <\/b><span style=\"font-weight: 400;\">Navega\u00e7\u00e3o pr\u00f3xima \u00e0 costa, observa\u00e7\u00e3o da flora, da fauna e de antigas fazendas (T\u00fanel e Remolino), incluindo o casco semi-afundado do navio a vapor Monte Sarmiento, terminando com uma vista da cadeia de montanhas que circunda a cidade.<\/span><\/p>\n<p>&nbsp;<\/p>\n<p><span style=\"font-weight: 400;\">\u2705 <\/span><b>Inclui<\/b><\/p>\n<ul>\n<li style=\"font-weight: 400;\" aria-level=\"1\"><span style=\"font-weight: 400;\">Guia profissional (espanhol\/ingl\u00eas).<\/span><\/li>\n<\/ul>\n<p>&nbsp;<\/p>\n<p><span style=\"font-weight: 400;\">\u274c <\/span><b>N\u00e3o inclui<\/b><\/p>\n<ul>\n<li style=\"font-weight: 400;\" aria-level=\"1\"><span style=\"font-weight: 400;\">Traslados hotel - porto - hotel.<\/span><\/li>\n<li style=\"font-weight: 400;\" aria-level=\"1\"><span style=\"font-weight: 400;\">Taxa portu\u00e1ria (a ser paga no embarque).\u00a0<\/span><\/li>\n<li style=\"font-weight: 400;\" aria-level=\"1\"><span style=\"font-weight: 400;\">Refrescos.<\/span><\/li>\n<li style=\"font-weight: 400;\" aria-level=\"1\"><span style=\"font-weight: 400;\">Outros consumos fora do programa.<\/span><\/li>\n<\/ul>\n<h2><\/h2>\n<p>&nbsp;<\/p>\n<p><span style=\"font-weight: 400;\">\u2139\u00a0<\/span><b>Informa\u00e7\u00f5es importantes<\/b><\/p>\n<ul>\n<li><strong>Sa\u00eddas pela manh\u00e3 e \u00e0 tarde. Dura\u00e7\u00e3o total: 06:00 hs.<\/strong><\/li>\n<li><b>Pol\u00edticas de cancelamento e modifica\u00e7\u00e3o:<\/b><span style=\"font-weight: 400;\"> leia-os atentamente ao fazer o login<\/span><a href=\"https:\/\/insighttravel.com.ar\/wp-content\/uploads\/2025\/06\/politicas-de-cancelacion-y-modificacion-esp-ing_compressed.pdf\"> <span style=\"font-weight: 400;\">aqui.<\/span><\/a><\/li>\n<li><span style=\"font-weight: 400;\">\u00c9 recomend\u00e1vel usar chap\u00e9u ou bon\u00e9, cachecol, jaqueta imperme\u00e1vel, casaco quente (tipo polar) e luvas.<\/span><\/li>\n<li><span style=\"font-weight: 400;\">Consulte-nos para saber os hor\u00e1rios exatos de partida e as tarifas atualizadas.<\/span>\n<ul>\n<li style=\"list-style-type: none;\"><\/li>\n<\/ul>\n<\/li>\n<\/ul>\n<h2><\/h2>\n<p>&nbsp;<\/p>\n<p><b>Termos e meios de pagamento<\/b><\/p>\n<p><span style=\"font-weight: 400;\">Todas as reservas devem ser pagas por transfer\u00eancia banc\u00e1ria, dep\u00f3sito banc\u00e1rio, cart\u00e3o de cr\u00e9dito ou d\u00e9bito. Os pagamentos com cart\u00e3o de cr\u00e9dito e d\u00e9bito incorrer\u00e3o em uma sobretaxa de 7%. <\/span><span style=\"font-weight: 400;\">Somente a reserva \u00e9 feita com o 100% do pagamento.<\/span><\/p>\n<p>&nbsp;<\/p>","protected":false},"excerpt":{"rendered":"<p>Navegaci\u00f3n Ping\u00fcinera &#8211; Isla Martillo Viv\u00ed una experiencia \u00fanica navegando por el emblem\u00e1tico Canal Beagle, donde combinamos historia, naturaleza y fauna aut\u00f3ctona. Durante la excursi\u00f3n recorreremos las Islas de los Lobos y de los P\u00e1jaros, admiraremos el ic\u00f3nico Faro Les Eclaireurs y, finalmente, observaremos de cerca a los ping\u00fcinos magall\u00e1nicos y pap\u00faa en su h\u00e1bitat [&hellip;]<\/p>\n","protected":false},"featured_media":5295,"comment_status":"open","ping_status":"closed","template":"","meta":[],"product_brand":[],"product_cat":[23],"product_tag":[],"destinos":[103],"tipo-de-actividad":[96],"temporadas":[47],"class_list":{"0":"post-5265","1":"product","2":"type-product","3":"status-publish","4":"has-post-thumbnail","6":"product_cat-sin-categorizar","7":"destinos-ushuaia","8":"tipo-de-actividad-navegacion-kayak","9":"temporadas-primavera","11":"first","12":"instock","13":"virtual","14":"sold-individually","15":"purchasable","16":"product-type-booking"},"booking_location":"","booking_location_type":"","booking_duration":1,"booking_duration_unit":"day","booking_buffer":24,"booking_cost":0,"booking_resources":[],"_links":{"self":[{"href":"https:\/\/insighttravel.com.ar\/pt\/wp-json\/wp\/v2\/product\/5265","targetHints":{"allow":["GET"]}}],"collection":[{"href":"https:\/\/insighttravel.com.ar\/pt\/wp-json\/wp\/v2\/product"}],"about":[{"href":"https:\/\/insighttravel.com.ar\/pt\/wp-json\/wp\/v2\/types\/product"}],"replies":[{"embeddable":true,"href":"https:\/\/insighttravel.com.ar\/pt\/wp-json\/wp\/v2\/comments?post=5265"}],"wp:featuredmedia":[{"embeddable":true,"href":"https:\/\/insighttravel.com.ar\/pt\/wp-json\/wp\/v2\/media\/5295"}],"wp:attachment":[{"href":"https:\/\/insighttravel.com.ar\/pt\/wp-json\/wp\/v2\/media?parent=5265"}],"wp:term":[{"taxonomy":"product_brand","embeddable":true,"href":"https:\/\/insighttravel.com.ar\/pt\/wp-json\/wp\/v2\/product_brand?post=5265"},{"taxonomy":"product_cat","embeddable":true,"href":"https:\/\/insighttravel.com.ar\/pt\/wp-json\/wp\/v2\/product_cat?post=5265"},{"taxonomy":"product_tag","embeddable":true,"href":"https:\/\/insighttravel.com.ar\/pt\/wp-json\/wp\/v2\/product_tag?post=5265"},{"taxonomy":"destinos","embeddable":true,"href":"https:\/\/insighttravel.com.ar\/pt\/wp-json\/wp\/v2\/destinos?post=5265"},{"taxonomy":"tipo-de-actividad","embeddable":true,"href":"https:\/\/insighttravel.com.ar\/pt\/wp-json\/wp\/v2\/tipo-de-actividad?post=5265"},{"taxonomy":"temporadas","embeddable":true,"href":"https:\/\/insighttravel.com.ar\/pt\/wp-json\/wp\/v2\/temporadas?post=5265"}],"curies":[{"name":"wp","href":"https:\/\/api.w.org\/{rel}","templated":true}]}}