{"id":5276,"date":"2025-10-23T12:40:17","date_gmt":"2025-10-23T15:40:17","guid":{"rendered":"https:\/\/insighttravel.com.ar\/?post_type=product&#038;p=5276"},"modified":"2026-03-28T13:15:23","modified_gmt":"2026-03-28T16:15:23","slug":"lagos-escondido-e-fagnano","status":"publish","type":"product","link":"https:\/\/insighttravel.com.ar\/pt\/producto\/lagos-escondido-y-fagnano\/","title":{"rendered":"Lagos Escondido e Fagnano"},"content":{"rendered":"<h3 style=\"text-align: center;\"><strong>Lagos Escondido e Fagnano - Cl\u00e1ssico<\/strong><\/h3>\n<p style=\"text-align: center;\"><span style=\"font-weight: 400;\">Uma excurs\u00e3o contemplativa ideal para apreciar a natureza imponente da Terra do Fogo e a serenidade de suas paisagens do sul. Ao longo do percurso pela Rota Nacional N\u00ba 3, revelam-se montanhas, vales, lagos glaciais e bosques patag\u00f4nicos, com paradas panor\u00e2micas que o convidam a se conectar com a ess\u00eancia do Fim do Mundo.<\/span><\/p>\n<p>&nbsp;<\/p>\n<p><span style=\"font-weight: 400;\">\ud83d\udccd <\/span><b>Itiner\u00e1rio detalhado.<\/b><span style=\"font-weight: 400;\"> Os hor\u00e1rios indicados est\u00e3o sujeitos a altera\u00e7\u00f5es e varia\u00e7\u00f5es.<\/span><\/p>\n<p><b>09:00 hs: Recep\u00e7\u00e3o em sua acomoda\u00e7\u00e3o. <\/b><span style=\"font-weight: 400;\">Partida de Ushuaia pela Rota Nacional n\u00ba 3 em dire\u00e7\u00e3o ao norte. Ao deixarmos o Canal de Beagle para tr\u00e1s, as vistas das majestosas montanhas Olivia e Cinco Hermanos se abrem diante de n\u00f3s.<\/span><\/p>\n<p><b>09:45 hs: Parada no ponto panor\u00e2mico Valle Carabajal.<\/b><span style=\"font-weight: 400;\"> Contemplamos esse imenso p\u00e2ntano de turfa que se estende entre as montanhas, uma das paisagens mais caracter\u00edsticas da Terra do Fogo.<\/span><\/p>\n<p><b>11:00 : Visita ao Haruwen Winter Centre (exceto \u00e0s segundas-feiras). <\/b><span style=\"font-weight: 400;\">L\u00e1 voc\u00ea encontrar\u00e1 a destilaria de gim artesanal mais ao sul do mundo, onde aprenderemos sobre o processo de produ\u00e7\u00e3o e faremos uma sess\u00e3o de degusta\u00e7\u00e3o. Tamb\u00e9m podemos visitar um pequeno museu dedicado \u00e0 hist\u00f3ria das motocicletas argentinas desde a d\u00e9cada de 1950, com modelos emblem\u00e1ticos como Puma, Tehuelche e Siambretta, e hist\u00f3rias dos pioneiros que percorreram o continente sobre duas rodas.\u00a0<\/span><\/p>\n<p><b>11:30 hs: Parada no ponto panor\u00e2mico de Paso Garibaldi. <\/b><span style=\"font-weight: 400;\">O ponto mais alto da rota e a \u00fanica travessia sem fronteiras da Cordilheira dos Andes. Desse ponto, voc\u00ea tem as melhores vistas dos lagos Escondido e Fagnano, cercados pela floresta andina da Patag\u00f4nia.<\/span><\/p>\n<p><b>13:30 hs: Hora do almo\u00e7o. <\/b><span style=\"font-weight: 400;\">Em um centro de inverno da regi\u00e3o, com a possibilidade de degustar o tradicional cordeiro fueguino \"a la estaca\".<\/span><\/p>\n<p><b>15:30 hs: Chegada a Ushuaia.\u00a0<\/b><\/p>\n<p>&nbsp;<\/p>\n<p><span style=\"font-weight: 400;\">\u2705 <\/span><b>Inclui<\/b><\/p>\n<ul>\n<li style=\"font-weight: 400;\" aria-level=\"1\"><span style=\"font-weight: 400;\">Traslado de ida e volta para a acomoda\u00e7\u00e3o em Ushuaia.<\/span><\/li>\n<li style=\"font-weight: 400;\" aria-level=\"1\"><span style=\"font-weight: 400;\">Guia profissional (espanhol\/ingl\u00eas).<\/span><\/li>\n<\/ul>\n<p>&nbsp;<\/p>\n<p><span style=\"font-weight: 400;\">\u274c <\/span><b>N\u00e3o inclui<\/b><\/p>\n<ul>\n<li style=\"font-weight: 400;\" aria-level=\"1\"><span style=\"font-weight: 400;\">Almo\u00e7o\u00a0<\/span><\/li>\n<li style=\"font-weight: 400;\" aria-level=\"1\"><span style=\"font-weight: 400;\">Outro consumo fora do programa.<\/span><\/li>\n<\/ul>\n<h2><\/h2>\n<p>&nbsp;<\/p>\n<p><span style=\"font-weight: 400;\">\u2139\u00a0<\/span><b>Informa\u00e7\u00f5es importantes<\/b><\/p>\n<ul>\n<li style=\"font-weight: 400;\" aria-level=\"1\"><span style=\"font-weight: 400;\"><strong>A ordem das atividades depender\u00e1 das condi\u00e7\u00f5es clim\u00e1ticas.<\/strong>.<\/span><\/li>\n<li><b>Pol\u00edticas de cancelamento e modifica\u00e7\u00e3o:<\/b><span style=\"font-weight: 400;\"> leia-os atentamente ao fazer o login<\/span><a href=\"https:\/\/insighttravel.com.ar\/wp-content\/uploads\/2025\/06\/politicas-de-cancelacion-y-modificacion-esp-ing_compressed.pdf\"> <span style=\"font-weight: 400;\">aqui.<\/span><\/a><\/li>\n<li style=\"font-weight: 400;\" aria-level=\"1\"><span style=\"font-weight: 400;\">Use roupas quentes e cal\u00e7ados confort\u00e1veis.<\/span><\/li>\n<li><span style=\"font-weight: 400;\">Consulte-nos para saber os hor\u00e1rios exatos de partida e as tarifas atualizadas.<\/span><\/li>\n<li><span style=\"font-weight: 400;\">O valor expresso corresponde \u00e0 excurs\u00e3o com traslado inclu\u00eddo no servi\u00e7o regular. Se desejar um traslado particular, entre em contato conosco para obter uma cota\u00e7\u00e3o.<\/span><\/li>\n<\/ul>\n<p>&nbsp;<\/p>\n<p><b>Termos e meios de pagamento<\/b><\/p>\n<p><span style=\"font-weight: 400;\">Todas as reservas devem ser pagas por transfer\u00eancia banc\u00e1ria, dep\u00f3sito banc\u00e1rio, cart\u00e3o de cr\u00e9dito ou d\u00e9bito. Os pagamentos com cart\u00e3o de cr\u00e9dito e d\u00e9bito incorrer\u00e3o em uma sobretaxa de 7%. A reserva s\u00f3 \u00e9 efetivada com o 100% do pagamento.<\/span><\/p>\n<p>&nbsp;<\/p>","protected":false},"excerpt":{"rendered":"<p>Lagos Escondido y Fagnano &#8211; Cl\u00e1sico Una excursi\u00f3n contemplativa ideal para disfrutar de la imponente naturaleza fueguina y la serenidad de sus paisajes australes. A lo largo del recorrido por la Ruta Nacional N\u00ba 3, se revelan monta\u00f1as, valles, lagos glaciarios y bosques patag\u00f3nicos, con paradas panor\u00e1micas que invitan a conectar con la esencia del [&hellip;]<\/p>\n","protected":false},"featured_media":5305,"comment_status":"open","ping_status":"closed","template":"","meta":[],"product_brand":[],"product_cat":[23],"product_tag":[],"destinos":[103],"tipo-de-actividad":[102],"temporadas":[46,47],"class_list":{"0":"post-5276","1":"product","2":"type-product","3":"status-publish","4":"has-post-thumbnail","6":"product_cat-sin-categorizar","7":"destinos-ushuaia","8":"tipo-de-actividad-traslados","9":"temporadas-otono","10":"temporadas-primavera","12":"first","13":"instock","14":"virtual","15":"sold-individually","16":"purchasable","17":"product-type-booking"},"booking_location":"","booking_location_type":"","booking_duration":1,"booking_duration_unit":"day","booking_buffer":24,"booking_cost":0,"booking_resources":[],"_links":{"self":[{"href":"https:\/\/insighttravel.com.ar\/pt\/wp-json\/wp\/v2\/product\/5276","targetHints":{"allow":["GET"]}}],"collection":[{"href":"https:\/\/insighttravel.com.ar\/pt\/wp-json\/wp\/v2\/product"}],"about":[{"href":"https:\/\/insighttravel.com.ar\/pt\/wp-json\/wp\/v2\/types\/product"}],"replies":[{"embeddable":true,"href":"https:\/\/insighttravel.com.ar\/pt\/wp-json\/wp\/v2\/comments?post=5276"}],"wp:featuredmedia":[{"embeddable":true,"href":"https:\/\/insighttravel.com.ar\/pt\/wp-json\/wp\/v2\/media\/5305"}],"wp:attachment":[{"href":"https:\/\/insighttravel.com.ar\/pt\/wp-json\/wp\/v2\/media?parent=5276"}],"wp:term":[{"taxonomy":"product_brand","embeddable":true,"href":"https:\/\/insighttravel.com.ar\/pt\/wp-json\/wp\/v2\/product_brand?post=5276"},{"taxonomy":"product_cat","embeddable":true,"href":"https:\/\/insighttravel.com.ar\/pt\/wp-json\/wp\/v2\/product_cat?post=5276"},{"taxonomy":"product_tag","embeddable":true,"href":"https:\/\/insighttravel.com.ar\/pt\/wp-json\/wp\/v2\/product_tag?post=5276"},{"taxonomy":"destinos","embeddable":true,"href":"https:\/\/insighttravel.com.ar\/pt\/wp-json\/wp\/v2\/destinos?post=5276"},{"taxonomy":"tipo-de-actividad","embeddable":true,"href":"https:\/\/insighttravel.com.ar\/pt\/wp-json\/wp\/v2\/tipo-de-actividad?post=5276"},{"taxonomy":"temporadas","embeddable":true,"href":"https:\/\/insighttravel.com.ar\/pt\/wp-json\/wp\/v2\/temporadas?post=5276"}],"curies":[{"name":"wp","href":"https:\/\/api.w.org\/{rel}","templated":true}]}}