{"id":5314,"date":"2025-07-04T18:38:31","date_gmt":"2025-07-04T21:38:31","guid":{"rendered":"https:\/\/insighttravel.com.ar\/?post_type=product&#038;p=5314"},"modified":"2026-03-28T13:16:20","modified_gmt":"2026-03-28T16:16:20","slug":"traslado-do-aeroporto-de-ushuaia","status":"publish","type":"product","link":"https:\/\/insighttravel.com.ar\/pt\/producto\/traslado-aeropuerto-ushuaia\/","title":{"rendered":"Traslado Aeroporto de Ushuaia"},"content":{"rendered":"<h3 style=\"text-align: center;\"><strong>Traslados de e para o aeroporto<\/strong><\/h3>\n<p style=\"text-align: center;\">O Aeroporto Internacional \"Malvinas Argentinas\" fica a apenas 5 km do centro de Ushuaia, portanto, ter um servi\u00e7o de traslado confi\u00e1vel \u00e9 a maneira mais confort\u00e1vel e segura de chegar \u00e0 sua acomoda\u00e7\u00e3o ou voltar ao aeroporto a tempo para o seu voo.<\/p>\n<p><strong>\ud83d\udeec Aeroporto \u2192 Hotel<\/strong><br \/>\nAo chegar em Ushuaia, estaremos esperando por voc\u00ea no sagu\u00e3o de desembarque do aeroporto, com uma placa com seu nome para que voc\u00ea possa nos reconhecer facilmente. N\u00f3s o ajudaremos com sua bagagem e, ap\u00f3s um passeio panor\u00e2mico de alguns minutos, o levaremos ao aeroporto. <strong>15 minutos,<\/strong> Voc\u00ea chegar\u00e1 confortavelmente \u00e0 sua acomoda\u00e7\u00e3o na cidade.<br \/>\nNo caminho, voc\u00ea ter\u00e1 as primeiras vistas do Canal de Beagle e das montanhas que cercam a cidade mais austral do mundo.<\/p>\n<p><strong>\ud83d\udeeb Hotel \u2192 Aeroporto<\/strong><br \/>\nNo dia de sua partida, n\u00f3s o buscaremos no hotel aproximadamente \u00e0s<strong> 2 horas antes<\/strong> o hor\u00e1rio de partida de seu voo.<br \/>\nN\u00f3s o levaremos com seguran\u00e7a e pontualidade ao aeroporto, para que voc\u00ea possa fazer o check-in sem demora e com total tranquilidade.<\/p>\n<p>Voc\u00ea pode contratar o servi\u00e7o somente na chegada, somente na partida ou em ambas as se\u00e7\u00f5es, dependendo de suas necessidades.<br \/>\n\u23f3 <strong>Dura\u00e7\u00e3o aproximada da transfer\u00eancia:<\/strong> 15 a 20 minutos.<br \/>\n\ud83d\udcb0 <strong>Servi\u00e7o regular:<\/strong> o valor expresso corresponde a traslados compartilhados. Solicite uma cota\u00e7\u00e3o para traslados particulares ou em grupo.<\/p>\n<p>&nbsp;<\/p>\n<p><b>Informa\u00e7\u00f5es importantes<\/b><\/p>\n<ul>\n<li><b>Pol\u00edticas de cancelamento e modifica\u00e7\u00e3o:<\/b><span style=\"font-weight: 400;\"> leia-os atentamente ao fazer o login<\/span><strong><a href=\"https:\/\/insighttravel.com.ar\/wp-content\/uploads\/2025\/09\/Politicas-de-Cancelacion-y-Modificacion-Cancelation-and-Modification-Policies_compressed-1.pdf\" target=\"_blank\" rel=\"noopener\"> aqui.<\/a><\/strong><\/li>\n<\/ul>\n<p>&nbsp;<\/p>\n<p><b>Termos e meios de pagamento<\/b><\/p>\n<p><span style=\"font-weight: 400;\">Todas as reservas devem ser pagas por transfer\u00eancia banc\u00e1ria, dep\u00f3sito banc\u00e1rio, cart\u00e3o de cr\u00e9dito ou d\u00e9bito. Os pagamentos com cart\u00e3o de cr\u00e9dito e d\u00e9bito incorrer\u00e3o em uma sobretaxa de 7%. A reserva s\u00f3 \u00e9 efetivada com o 100% do pagamento.<\/span><\/p>","protected":false},"excerpt":{"rendered":"<p>Traslados ida y vuelta al Aeropuerto El Aeropuerto Internacional \u201cMalvinas Argentinas\u201d se encuentra a solo 5 km del centro de Ushuaia, por lo que contar con un servicio de traslado confiable es la forma m\u00e1s c\u00f3moda y segura de llegar a tu alojamiento o regresar al aeropuerto a tiempo para tu vuelo. \ud83d\udeec Aeropuerto \u2192 [&hellip;]<\/p>\n","protected":false},"featured_media":5316,"comment_status":"open","ping_status":"closed","template":"","meta":[],"product_brand":[],"product_cat":[23,67],"product_tag":[],"destinos":[103],"tipo-de-actividad":[102],"temporadas":[48],"class_list":{"0":"post-5314","1":"product","2":"type-product","3":"status-publish","4":"has-post-thumbnail","6":"product_cat-sin-categorizar","7":"product_cat-uncategorized","8":"destinos-ushuaia","9":"tipo-de-actividad-traslados","10":"temporadas-todo-el-ano","12":"first","13":"instock","14":"sold-individually","15":"shipping-taxable","16":"purchasable","17":"product-type-booking"},"booking_location":"","booking_location_type":"","booking_duration":1,"booking_duration_unit":"day","booking_buffer":0,"booking_cost":0,"booking_resources":[],"_links":{"self":[{"href":"https:\/\/insighttravel.com.ar\/pt\/wp-json\/wp\/v2\/product\/5314","targetHints":{"allow":["GET"]}}],"collection":[{"href":"https:\/\/insighttravel.com.ar\/pt\/wp-json\/wp\/v2\/product"}],"about":[{"href":"https:\/\/insighttravel.com.ar\/pt\/wp-json\/wp\/v2\/types\/product"}],"replies":[{"embeddable":true,"href":"https:\/\/insighttravel.com.ar\/pt\/wp-json\/wp\/v2\/comments?post=5314"}],"wp:featuredmedia":[{"embeddable":true,"href":"https:\/\/insighttravel.com.ar\/pt\/wp-json\/wp\/v2\/media\/5316"}],"wp:attachment":[{"href":"https:\/\/insighttravel.com.ar\/pt\/wp-json\/wp\/v2\/media?parent=5314"}],"wp:term":[{"taxonomy":"product_brand","embeddable":true,"href":"https:\/\/insighttravel.com.ar\/pt\/wp-json\/wp\/v2\/product_brand?post=5314"},{"taxonomy":"product_cat","embeddable":true,"href":"https:\/\/insighttravel.com.ar\/pt\/wp-json\/wp\/v2\/product_cat?post=5314"},{"taxonomy":"product_tag","embeddable":true,"href":"https:\/\/insighttravel.com.ar\/pt\/wp-json\/wp\/v2\/product_tag?post=5314"},{"taxonomy":"destinos","embeddable":true,"href":"https:\/\/insighttravel.com.ar\/pt\/wp-json\/wp\/v2\/destinos?post=5314"},{"taxonomy":"tipo-de-actividad","embeddable":true,"href":"https:\/\/insighttravel.com.ar\/pt\/wp-json\/wp\/v2\/tipo-de-actividad?post=5314"},{"taxonomy":"temporadas","embeddable":true,"href":"https:\/\/insighttravel.com.ar\/pt\/wp-json\/wp\/v2\/temporadas?post=5314"}],"curies":[{"name":"wp","href":"https:\/\/api.w.org\/{rel}","templated":true}]}}