{"id":5353,"date":"2025-10-23T18:33:23","date_gmt":"2025-10-23T21:33:23","guid":{"rendered":"https:\/\/insighttravel.com.ar\/?post_type=product&#038;p=5353"},"modified":"2026-03-16T11:39:06","modified_gmt":"2026-03-16T14:39:06","slug":"aventura-de-dia-inteiro-em-el-chalten-viedma","status":"publish","type":"product","link":"https:\/\/insighttravel.com.ar\/pt\/producto\/full-day-el-chalten-aventura-viedma\/","title":{"rendered":"Dia inteiro em El Chalt\u00e9n + Aventura em Viedma"},"content":{"rendered":"<h3 style=\"text-align: center;\"><strong>Aventura Viedma: Navega\u00e7\u00e3o na geleira Viedma<\/strong><\/h3>\n<p style=\"text-align: center;\">Descubra a majestade da Geleira Viedma em uma experi\u00eancia \u00fanica que combina navega\u00e7\u00e3o e vistas panor\u00e2micas. Partimos de El Calafate para uma das geleiras mais imponentes da Patag\u00f4nia Argentina.<\/p>\n<p>&nbsp;<\/p>\n<p><b>Itiner\u00e1rio detalhado.<\/b><span style=\"font-weight: 400;\"> Os hor\u00e1rios indicados est\u00e3o sujeitos a altera\u00e7\u00f5es e varia\u00e7\u00f5es.<\/span><\/p>\n<p><b>07:00 hs: Recep\u00e7\u00e3o em sua acomoda\u00e7\u00e3o. <\/b>Sa\u00edda dos hot\u00e9is para Puerto Bah\u00eda T\u00fanel, localizado a 18 km de El Chalt\u00e9n, pela Rota 11 e Rota 40, com uma parada no ic\u00f4nico Parador La Leona para descansar e apreciar a paisagem patag\u00f4nica.<\/p>\n<p><b>10h30: Embarque em Puerto Bah\u00eda T\u00fanel.\u00a0<\/b><\/p>\n<p><b>11:00 a.m. <\/b><strong>Come\u00e7a a navega\u00e7\u00e3o de aproximadamente 3 horas no Lago Viedma.<\/strong>com vistas espetaculares do maci\u00e7o de Huemul. Durante a viagem, visitaremos:<\/p>\n<p><strong>Ba\u00eda do Cabo Horn<\/strong>onde come\u00e7a uma caminhada de baixa dificuldade at\u00e9 a Pen\u00ednsula do Cabo Horn.<\/p>\n<p><strong>Ba\u00eda dos Icebergs<\/strong>ideal para fotografias panor\u00e2micas e observa\u00e7\u00e3o de icebergs flutuantes.<\/p>\n<p><strong>Geleira Viedma<\/strong>com uma aproxima\u00e7\u00e3o para contemplar sua imponente frente de geleira.<\/p>\n<p><b>14:30 hs: Retorno e visita a Chorrillo del Salto. <\/b>Ap\u00f3s o desembarque, traslado para Chorrillo del Salto, uma trilha curta e f\u00e1cil, perfeita para apreciar a natureza e completar a experi\u00eancia na Patag\u00f4nia.<\/p>\n<p><b>19:30 hs: Chegada em El Calafate. <\/b>Desembarque nos hot\u00e9is, encerrando um dia de aventura, trekking e contato direto com a natureza mais pura da Patag\u00f4nia.<\/p>\n<p>&nbsp;<\/p>\n<p><b>\u2705 Inclui<\/b><\/p>\n<ul>\n<li style=\"font-weight: 400;\" aria-level=\"1\"><span style=\"font-weight: 400;\">Traslado de ida e volta para sua acomoda\u00e7\u00e3o em El Calafate.<\/span><\/li>\n<li style=\"font-weight: 400;\" aria-level=\"1\"><span style=\"font-weight: 400;\">Guia profissional bil\u00edngue (espanhol\/ingl\u00eas).<\/span><\/li>\n<li>Lancheira a bordo<span style=\"font-weight: 400;\">.<\/span><\/li>\n<\/ul>\n<p>&nbsp;<\/p>\n<p><b>N\u00e3o inclui<\/b><\/p>\n<ul>\n<li style=\"font-weight: 400;\" aria-level=\"1\"><span style=\"font-weight: 400;\">Outros consumos fora do programa.<\/span><\/li>\n<\/ul>\n<p>&nbsp;<\/p>\n<p><span style=\"font-weight: 400;\">\u26a0 <\/span><b>Informa\u00e7\u00f5es importantes<\/b><\/p>\n<ul>\n<li style=\"font-weight: 400;\" aria-level=\"1\"><span style=\"font-weight: 400;\">Cabine Captain's Club no n\u00edvel superior dispon\u00edvel por um custo adicional.\u00a0<\/span><\/li>\n<li style=\"font-weight: 400;\" aria-level=\"1\"><b>Pol\u00edticas de cancelamento e modifica\u00e7\u00e3o:<\/b><span style=\"font-weight: 400;\"> leia-os atentamente ao fazer o login <strong><a href=\"https:\/\/insighttravel.com.ar\/wp-content\/uploads\/2025\/09\/Politicas-de-Cancelacion-y-Modificacion-Cancelation-and-Modification-Policies_compressed-1.pdf\" target=\"_blank\" rel=\"noopener\">aqui.<\/a><\/strong><\/span><\/li>\n<li style=\"font-weight: 400;\" aria-level=\"1\"><span style=\"font-weight: 400;\">Use roupas quentes em camadas, protetor solar e cal\u00e7ados confort\u00e1veis.<\/span><\/li>\n<li><span style=\"font-weight: 400;\">Consulte-nos para saber os hor\u00e1rios exatos de partida e as tarifas atualizadas.<\/span><\/li>\n<li style=\"font-weight: 400;\" aria-level=\"1\"><span style=\"font-weight: 400;\">O valor expresso corresponde \u00e0 excurs\u00e3o com traslado inclu\u00eddo no servi\u00e7o regular. Se desejar um traslado particular, entre em contato conosco para obter uma cota\u00e7\u00e3o.<\/span><\/li>\n<\/ul>\n<p>&nbsp;<\/p>\n<p><span style=\"font-weight: 400;\">\ud83d\udcb3 <\/span><b>Termos e meios de pagamento<\/b><\/p>\n<p><span style=\"font-weight: 400;\">Todas as reservas devem ser pagas por transfer\u00eancia banc\u00e1ria, dep\u00f3sito banc\u00e1rio, cart\u00e3o de cr\u00e9dito ou d\u00e9bito. Os pagamentos com cart\u00e3o de cr\u00e9dito e d\u00e9bito incorrer\u00e3o em uma sobretaxa de 7%. <\/span><span style=\"font-weight: 400;\">Somente a reserva \u00e9 feita com o 100% do pagamento.<\/span><\/p>\n<p><br style=\"font-weight: 400;\" \/><br style=\"font-weight: 400;\" \/><\/p>","protected":false},"excerpt":{"rendered":"<p>Aventura Viedma: Navegaci\u00f3n en el Glaciar Viedma Descubre la majestuosidad del Glaciar Viedma en una experiencia \u00fanica que combina navegaci\u00f3n y vistas panor\u00e1micas. Salimos desde El Calafate hacia uno de los glaciares m\u00e1s imponentes de la Patagonia Argentina. &nbsp; \ud83d\udccd Itinerario detallado. Los horarios indicados quedan sujetos a modificaciones y variaciones. 07:00 hs | Pick [&hellip;]<\/p>\n","protected":false},"featured_media":5356,"comment_status":"open","ping_status":"closed","template":"","meta":[],"product_brand":[],"product_cat":[23],"product_tag":[],"destinos":[41],"tipo-de-actividad":[96],"temporadas":[48],"class_list":{"0":"post-5353","1":"product","2":"type-product","3":"status-publish","4":"has-post-thumbnail","6":"product_cat-sin-categorizar","7":"destinos-el-calafate","8":"tipo-de-actividad-navegacion-kayak","9":"temporadas-todo-el-ano","11":"first","12":"instock","13":"sold-individually","14":"shipping-taxable","15":"purchasable","16":"product-type-booking"},"booking_location":"","booking_location_type":"","booking_duration":1,"booking_duration_unit":"day","booking_buffer":0,"booking_cost":0,"booking_resources":[],"_links":{"self":[{"href":"https:\/\/insighttravel.com.ar\/pt\/wp-json\/wp\/v2\/product\/5353","targetHints":{"allow":["GET"]}}],"collection":[{"href":"https:\/\/insighttravel.com.ar\/pt\/wp-json\/wp\/v2\/product"}],"about":[{"href":"https:\/\/insighttravel.com.ar\/pt\/wp-json\/wp\/v2\/types\/product"}],"replies":[{"embeddable":true,"href":"https:\/\/insighttravel.com.ar\/pt\/wp-json\/wp\/v2\/comments?post=5353"}],"wp:featuredmedia":[{"embeddable":true,"href":"https:\/\/insighttravel.com.ar\/pt\/wp-json\/wp\/v2\/media\/5356"}],"wp:attachment":[{"href":"https:\/\/insighttravel.com.ar\/pt\/wp-json\/wp\/v2\/media?parent=5353"}],"wp:term":[{"taxonomy":"product_brand","embeddable":true,"href":"https:\/\/insighttravel.com.ar\/pt\/wp-json\/wp\/v2\/product_brand?post=5353"},{"taxonomy":"product_cat","embeddable":true,"href":"https:\/\/insighttravel.com.ar\/pt\/wp-json\/wp\/v2\/product_cat?post=5353"},{"taxonomy":"product_tag","embeddable":true,"href":"https:\/\/insighttravel.com.ar\/pt\/wp-json\/wp\/v2\/product_tag?post=5353"},{"taxonomy":"destinos","embeddable":true,"href":"https:\/\/insighttravel.com.ar\/pt\/wp-json\/wp\/v2\/destinos?post=5353"},{"taxonomy":"tipo-de-actividad","embeddable":true,"href":"https:\/\/insighttravel.com.ar\/pt\/wp-json\/wp\/v2\/tipo-de-actividad?post=5353"},{"taxonomy":"temporadas","embeddable":true,"href":"https:\/\/insighttravel.com.ar\/pt\/wp-json\/wp\/v2\/temporadas?post=5353"}],"curies":[{"name":"wp","href":"https:\/\/api.w.org\/{rel}","templated":true}]}}